{"id":27071,"date":"2021-04-16T14:48:38","date_gmt":"2021-04-16T11:48:38","guid":{"rendered":"https:\/\/www.radiomarket.fi\/?post_type=product&#038;p=27071"},"modified":"2021-04-16T14:53:19","modified_gmt":"2021-04-16T11:53:19","slug":"ekua8310-mikropiirit-nxxxxx","status":"publish","type":"product","link":"https:\/\/www.radiomarket.fi\/en\/kohde\/ekua8310-mikropiirit-nxxxxx\/","title":{"rendered":"EKUA8310 mikropiirit Nxxxxx"},"content":{"rendered":"<p>Alla olevan listauksen mukaisia mikropiirej\u00e4 pit\u00e4isi olla varastossamme ainakin 1 kpl. Tilatessasi ilmoitathan mink\u00e4 mikropiirin haluat. Mik\u00e4li haluat tilata useamman kuin yhden kappaleen, voit varmistaa varastotilanteen viestill\u00e4. Tilaus toimitetaan kirjeell\u00e4 mik\u00e4li mahdollista. Valmistaja voi vaihdella.<br \/><br \/>NE564D<br \/>NE5530N<br \/>NE5534AP<br \/>NE5568N<br \/>NE645B<br \/>NET2890<\/p>","protected":false},"excerpt":{"rendered":"<p>Alla olevan listauksen mukaisia mikropiirej\u00e4 pit\u00e4isi olla varastossamme ainakin 1 kpl. Tilatessasi ilmoitathan mink\u00e4 mikropiirin haluat. Mik\u00e4li haluat tilata useamman kuin yhden kappaleen, voit varmistaa varastotilanteen viestill\u00e4. Tilaus toimitetaan kirjeell\u00e4 mik\u00e4li mahdollista. Valmistaja voi vaihdella.NE564DNE5530NNE5534APNE5568NNE645BNET2890<\/p>","protected":false},"featured_media":27014,"template":"","meta":[],"_links":{"self":[{"href":"https:\/\/www.radiomarket.fi\/en\/wp-json\/wp\/v2\/product\/27071"}],"collection":[{"href":"https:\/\/www.radiomarket.fi\/en\/wp-json\/wp\/v2\/product"}],"about":[{"href":"https:\/\/www.radiomarket.fi\/en\/wp-json\/wp\/v2\/types\/product"}],"wp:featuredmedia":[{"embeddable":true,"href":"https:\/\/www.radiomarket.fi\/en\/wp-json\/wp\/v2\/media\/27014"}],"wp:attachment":[{"href":"https:\/\/www.radiomarket.fi\/en\/wp-json\/wp\/v2\/media?parent=27071"}],"curies":[{"name":"wp","href":"https:\/\/api.w.org\/{rel}","templated":true}]}}