{"id":27072,"date":"2021-04-16T14:55:25","date_gmt":"2021-04-16T11:55:25","guid":{"rendered":"https:\/\/www.radiomarket.fi\/?post_type=product&#038;p=27072"},"modified":"2021-04-16T14:58:16","modified_gmt":"2021-04-16T11:58:16","slug":"ekua8311-mikropiirit-pcxxxx","status":"publish","type":"product","link":"https:\/\/www.radiomarket.fi\/en\/kohde\/ekua8311-mikropiirit-pcxxxx\/","title":{"rendered":"EKUA8311 mikropiirit PCxxxx"},"content":{"rendered":"<p>Alla olevan listauksen mukaisia mikropiirej\u00e4 pit\u00e4isi olla varastossamme ainakin 1 kpl. Tilatessasi ilmoitathan mink\u00e4 mikropiirin haluat. Mik\u00e4li haluat tilata useamman kuin yhden kappaleen, voit varmistaa varastotilanteen viestill\u00e4. Tilaus toimitetaan kirjeell\u00e4 mik\u00e4li mahdollista. Valmistaja voi vaihdella.<br \/><br \/>PCD3311CP<br \/>PCF8570P<\/p>","protected":false},"excerpt":{"rendered":"<p>Alla olevan listauksen mukaisia mikropiirej\u00e4 pit\u00e4isi olla varastossamme ainakin 1 kpl. Tilatessasi ilmoitathan mink\u00e4 mikropiirin haluat. Mik\u00e4li haluat tilata useamman kuin yhden kappaleen, voit varmistaa varastotilanteen viestill\u00e4. Tilaus toimitetaan kirjeell\u00e4 mik\u00e4li mahdollista. Valmistaja voi vaihdella.PCD3311CPPCF8570P<\/p>","protected":false},"featured_media":27014,"template":"","meta":[],"_links":{"self":[{"href":"https:\/\/www.radiomarket.fi\/en\/wp-json\/wp\/v2\/product\/27072"}],"collection":[{"href":"https:\/\/www.radiomarket.fi\/en\/wp-json\/wp\/v2\/product"}],"about":[{"href":"https:\/\/www.radiomarket.fi\/en\/wp-json\/wp\/v2\/types\/product"}],"wp:featuredmedia":[{"embeddable":true,"href":"https:\/\/www.radiomarket.fi\/en\/wp-json\/wp\/v2\/media\/27014"}],"wp:attachment":[{"href":"https:\/\/www.radiomarket.fi\/en\/wp-json\/wp\/v2\/media?parent=27072"}],"curies":[{"name":"wp","href":"https:\/\/api.w.org\/{rel}","templated":true}]}}