{"id":27117,"date":"2021-04-20T13:26:35","date_gmt":"2021-04-20T10:26:35","guid":{"rendered":"https:\/\/www.radiomarket.fi\/?post_type=product&#038;p=27117"},"modified":"2025-05-20T13:47:22","modified_gmt":"2025-05-20T10:47:22","slug":"ekub0064-sharp-ac-adaptor-model-ep-15h-verkkolaite","status":"publish","type":"product","link":"https:\/\/www.radiomarket.fi\/en\/kohde\/ekub0064-sharp-ac-adaptor-model-ep-15h-verkkolaite\/","title":{"rendered":"EKUB0064 Sharp AC Adaptor model EP-15H verkkolaite"},"content":{"rendered":"<p>8W<\/p><p>9V<\/p><p>DC 350 mA<\/p><p>Alkuper\u00e4inen tasaj\u00e4nnitepistoke puuttuu, verkkojohto pistokkeineen hyv\u00e4kuntoinen.<\/p>","protected":false},"excerpt":{"rendered":"<p>Mitattu j\u00e4nnite 10,7 V ilman kuormaa. On toimiva.<\/p>","protected":false},"featured_media":27118,"template":"","meta":[],"_links":{"self":[{"href":"https:\/\/www.radiomarket.fi\/en\/wp-json\/wp\/v2\/product\/27117"}],"collection":[{"href":"https:\/\/www.radiomarket.fi\/en\/wp-json\/wp\/v2\/product"}],"about":[{"href":"https:\/\/www.radiomarket.fi\/en\/wp-json\/wp\/v2\/types\/product"}],"wp:featuredmedia":[{"embeddable":true,"href":"https:\/\/www.radiomarket.fi\/en\/wp-json\/wp\/v2\/media\/27118"}],"wp:attachment":[{"href":"https:\/\/www.radiomarket.fi\/en\/wp-json\/wp\/v2\/media?parent=27117"}],"curies":[{"name":"wp","href":"https:\/\/api.w.org\/{rel}","templated":true}]}}