{"id":27120,"date":"2021-04-20T13:46:30","date_gmt":"2021-04-20T10:46:30","guid":{"rendered":"https:\/\/www.radiomarket.fi\/?post_type=product&#038;p=27120"},"modified":"2023-08-15T17:46:12","modified_gmt":"2023-08-15T14:46:12","slug":"ekua8408-bicon-moniaaltoradio","status":"publish","type":"product","link":"https:\/\/www.radiomarket.fi\/en\/kohde\/ekua8408-bicon-moniaaltoradio\/","title":{"rendered":"EKUA8408 Bicon moniaaltoradio"},"content":{"rendered":"<p>Lis\u00e4tty PL259-antenniliitin. Ei toiminut testattaessa paristoilla, paristojousissa liev\u00e4\u00e4 ruostetta. Myyd\u00e4\u00e4n my\u00f6s osina.<\/p>","protected":false},"excerpt":{"rendered":"<p>Lis\u00e4tty PL259-antenniliitin. Ei toiminut testattaessa paristoilla, paristojousissa liev\u00e4\u00e4 ruostetta. Myyd\u00e4\u00e4n my\u00f6s osina.<\/p>","protected":false},"featured_media":27129,"template":"","meta":[],"_links":{"self":[{"href":"https:\/\/www.radiomarket.fi\/en\/wp-json\/wp\/v2\/product\/27120"}],"collection":[{"href":"https:\/\/www.radiomarket.fi\/en\/wp-json\/wp\/v2\/product"}],"about":[{"href":"https:\/\/www.radiomarket.fi\/en\/wp-json\/wp\/v2\/types\/product"}],"wp:featuredmedia":[{"embeddable":true,"href":"https:\/\/www.radiomarket.fi\/en\/wp-json\/wp\/v2\/media\/27129"}],"wp:attachment":[{"href":"https:\/\/www.radiomarket.fi\/en\/wp-json\/wp\/v2\/media?parent=27120"}],"curies":[{"name":"wp","href":"https:\/\/api.w.org\/{rel}","templated":true}]}}