{"id":27135,"date":"2021-04-22T00:17:29","date_gmt":"2021-04-21T21:17:29","guid":{"rendered":"https:\/\/www.radiomarket.fi\/?post_type=product&#038;p=27135"},"modified":"2021-05-03T15:06:42","modified_gmt":"2021-05-03T12:06:42","slug":"ekua1318-salora-safir-matkaradio","status":"publish","type":"product","link":"https:\/\/www.radiomarket.fi\/en\/kohde\/ekua1318-salora-safir-matkaradio\/","title":{"rendered":"EKUA1318 Salora Safir matkaradio"},"content":{"rendered":"<p>Antenni on ehj\u00e4. Patterikotelo ik\u00e4sekseen siisti, v\u00e4h\u00e4n on ruostetta toisessa patterikontaktivieteriss\u00e4. Muuten toimii asteikkovaloa my\u00f6ten, mutta ula on hiljainen. Kontaktivika jossain? Kuoreltaan ei kovin siisti.<\/p>","protected":false},"excerpt":{"rendered":"<p>Antenni on ehj\u00e4. Patterikotelo ik\u00e4sekseen siisti, v\u00e4h\u00e4n on ruostetta toisessa patterikontaktivieteriss\u00e4. Muuten toimii asteikkovaloa my\u00f6ten, mutta ula on hiljainen. Kontaktivika jossain? Kuoreltaan ei kovin siisti.<\/p>","protected":false},"featured_media":27136,"template":"","meta":[],"_links":{"self":[{"href":"https:\/\/www.radiomarket.fi\/en\/wp-json\/wp\/v2\/product\/27135"}],"collection":[{"href":"https:\/\/www.radiomarket.fi\/en\/wp-json\/wp\/v2\/product"}],"about":[{"href":"https:\/\/www.radiomarket.fi\/en\/wp-json\/wp\/v2\/types\/product"}],"wp:featuredmedia":[{"embeddable":true,"href":"https:\/\/www.radiomarket.fi\/en\/wp-json\/wp\/v2\/media\/27136"}],"wp:attachment":[{"href":"https:\/\/www.radiomarket.fi\/en\/wp-json\/wp\/v2\/media?parent=27135"}],"curies":[{"name":"wp","href":"https:\/\/api.w.org\/{rel}","templated":true}]}}