{"id":27176,"date":"2021-04-26T15:29:54","date_gmt":"2021-04-26T12:29:54","guid":{"rendered":"https:\/\/www.radiomarket.fi\/?post_type=product&#038;p=27176"},"modified":"2021-04-26T20:21:03","modified_gmt":"2021-04-26T17:21:03","slug":"ekua8411-nagra-mixer-bm-ii","status":"publish","type":"product","link":"https:\/\/www.radiomarket.fi\/en\/kohde\/ekua8411-nagra-mixer-bm-ii\/","title":{"rendered":"EKUA8411 Nagra Mixer BM II"},"content":{"rendered":"<p>Ulkoisesti hyv\u00e4kuntoinen. Ei testattu.<\/p><p>Tarkoitettu ensisijaisesti NAgra III-sarjan nauhureiden kanssa k\u00e4ytett\u00e4v\u00e4ksi.<\/p>","protected":false},"excerpt":{"rendered":"<p>Pelkk\u00e4 mikseri ilman mit\u00e4\u00e4n johtoja.<\/p>","protected":false},"featured_media":27178,"template":"","meta":[],"_links":{"self":[{"href":"https:\/\/www.radiomarket.fi\/en\/wp-json\/wp\/v2\/product\/27176"}],"collection":[{"href":"https:\/\/www.radiomarket.fi\/en\/wp-json\/wp\/v2\/product"}],"about":[{"href":"https:\/\/www.radiomarket.fi\/en\/wp-json\/wp\/v2\/types\/product"}],"wp:featuredmedia":[{"embeddable":true,"href":"https:\/\/www.radiomarket.fi\/en\/wp-json\/wp\/v2\/media\/27178"}],"wp:attachment":[{"href":"https:\/\/www.radiomarket.fi\/en\/wp-json\/wp\/v2\/media?parent=27176"}],"curies":[{"name":"wp","href":"https:\/\/api.w.org\/{rel}","templated":true}]}}