{"id":27193,"date":"2021-04-26T16:10:24","date_gmt":"2021-04-26T13:10:24","guid":{"rendered":"https:\/\/www.radiomarket.fi\/?post_type=product&#038;p=27193"},"modified":"2023-05-14T18:41:56","modified_gmt":"2023-05-14T15:41:56","slug":"ekua8414-mikrokit-parkkimaksuajastin","status":"publish","type":"product","link":"https:\/\/www.radiomarket.fi\/en\/kohde\/ekua8414-mikrokit-parkkimaksuajastin\/","title":{"rendered":"EKUA8414 Mikrokit parkkimaksuajastin"},"content":{"rendered":"<p>Ulkoisesti hyv\u00e4kuntoinen pys\u00e4k\u00f6intimaksulaite, k\u00e4yt\u00f6n j\u00e4lki\u00e4. Mukana P-Jyv\u00e4skyl\u00e4-maksukortti.<\/p>","protected":false},"excerpt":{"rendered":"<p>Ulkoisesti hyv\u00e4kuntoinen pys\u00e4k\u00f6intimaksulaite, k\u00e4yt\u00f6n j\u00e4lki\u00e4. Mukana P-Jyv\u00e4skyl\u00e4-maksukortti.<\/p>","protected":false},"featured_media":27186,"template":"","meta":[],"_links":{"self":[{"href":"https:\/\/www.radiomarket.fi\/en\/wp-json\/wp\/v2\/product\/27193"}],"collection":[{"href":"https:\/\/www.radiomarket.fi\/en\/wp-json\/wp\/v2\/product"}],"about":[{"href":"https:\/\/www.radiomarket.fi\/en\/wp-json\/wp\/v2\/types\/product"}],"wp:featuredmedia":[{"embeddable":true,"href":"https:\/\/www.radiomarket.fi\/en\/wp-json\/wp\/v2\/media\/27186"}],"wp:attachment":[{"href":"https:\/\/www.radiomarket.fi\/en\/wp-json\/wp\/v2\/media?parent=27193"}],"curies":[{"name":"wp","href":"https:\/\/api.w.org\/{rel}","templated":true}]}}