{"id":27303,"date":"2025-10-25T15:41:54","date_gmt":"2025-10-25T12:41:54","guid":{"rendered":"https:\/\/www.radiomarket.fi\/?post_type=product&#038;p=27303"},"modified":"2025-10-26T10:35:53","modified_gmt":"2025-10-26T08:35:53","slug":"ekub0072-billnas-konttorikalusteita-kuvasto","status":"publish","type":"product","link":"https:\/\/www.radiomarket.fi\/en\/kohde\/ekub0072-billnas-konttorikalusteita-kuvasto\/","title":{"rendered":"EKUB0072 Billn\u00e4s konttorikalusteita kuvasto"},"content":{"rendered":"<p>1960-luvun kuvasto, hyv\u00e4kuntoiset sis\u00e4sivut, n\u00e4kyv\u00e4t viat kansipahvissa. Noin 30 arkkia. Osa kuultopaperiarkkeja. A4.<\/p>","protected":false},"excerpt":{"rendered":"<p>Kirjetoimitustuotteita kannattaa tilata useampi samalla kertaa, toimituskulut nousevat vain \u20ac0,10 per lis\u00e4tty tuote (v. 2025 hinnaston mukaan).<\/p>","protected":false},"featured_media":27304,"template":"","meta":[],"_links":{"self":[{"href":"https:\/\/www.radiomarket.fi\/en\/wp-json\/wp\/v2\/product\/27303"}],"collection":[{"href":"https:\/\/www.radiomarket.fi\/en\/wp-json\/wp\/v2\/product"}],"about":[{"href":"https:\/\/www.radiomarket.fi\/en\/wp-json\/wp\/v2\/types\/product"}],"wp:featuredmedia":[{"embeddable":true,"href":"https:\/\/www.radiomarket.fi\/en\/wp-json\/wp\/v2\/media\/27304"}],"wp:attachment":[{"href":"https:\/\/www.radiomarket.fi\/en\/wp-json\/wp\/v2\/media?parent=27303"}],"curies":[{"name":"wp","href":"https:\/\/api.w.org\/{rel}","templated":true}]}}