{"id":27330,"date":"2024-04-23T12:14:31","date_gmt":"2024-04-23T09:14:31","guid":{"rendered":"https:\/\/www.radiomarket.fi\/?post_type=product&#038;p=27330"},"modified":"2025-03-25T13:20:33","modified_gmt":"2025-03-25T11:20:33","slug":"ekua1366-nordmende-othello","status":"publish","type":"product","link":"https:\/\/www.radiomarket.fi\/en\/kohde\/ekua1366-nordmende-othello\/","title":{"rendered":"EKUA1366 Nordmende Othello 56 (EKUM)"},"content":{"rendered":"<p>Suhteellisen kokonaisen oloinen putkiradio. Myyd\u00e4\u00e4n kokonaisena ilman putkia t\u00e4h\u00e4n hintaan. Halutessasi ostaa kohteen putkien kanssa tiedustele hintaa s\u00e4hk\u00f6postitse.<br \/><br \/>Versio luultavasti Othello 56. Mallinumero perustuu Radiomuseum.orgista tehtyyn kuvavertailuun: https:\/\/www.radiomuseum.org\/r\/nordmende_othello_mit_klangregiste.html<br \/><br \/><strong>Ainakin seuraavat osat puuttuvat\/purettu:<\/strong><br \/>Yksi \u00e4\u00e4nens\u00e4vyvalitsimen painonapeista puuttuu. Yksi on irrallaan sis\u00e4ll\u00e4 mukana pussissa. Kolme paikallaan kiinni.<br \/>Putket poistetaan ennen myynti\u00e4 t\u00e4h\u00e4n hintaan.<\/p><p>Muutoin vaikuttaa kokonaiselta.\u00a0<\/p>","protected":false},"excerpt":{"rendered":"<p>Suosittelemme s\u00e4rkyv\u00e4 -lis\u00e4palvelua t\u00e4m\u00e4n tuotekategorian tuotteille.<\/p>","protected":false},"featured_media":27331,"template":"","meta":[],"_links":{"self":[{"href":"https:\/\/www.radiomarket.fi\/en\/wp-json\/wp\/v2\/product\/27330"}],"collection":[{"href":"https:\/\/www.radiomarket.fi\/en\/wp-json\/wp\/v2\/product"}],"about":[{"href":"https:\/\/www.radiomarket.fi\/en\/wp-json\/wp\/v2\/types\/product"}],"wp:featuredmedia":[{"embeddable":true,"href":"https:\/\/www.radiomarket.fi\/en\/wp-json\/wp\/v2\/media\/27331"}],"wp:attachment":[{"href":"https:\/\/www.radiomarket.fi\/en\/wp-json\/wp\/v2\/media?parent=27330"}],"curies":[{"name":"wp","href":"https:\/\/api.w.org\/{rel}","templated":true}]}}