{"id":27352,"date":"2021-05-18T11:34:13","date_gmt":"2021-05-18T08:34:13","guid":{"rendered":"https:\/\/www.radiomarket.fi\/?post_type=product&#038;p=27352"},"modified":"2021-08-18T13:38:33","modified_gmt":"2021-08-18T10:38:33","slug":"ekua8417-megger-eristysvastusmittari","status":"publish","type":"product","link":"https:\/\/www.radiomarket.fi\/en\/kohde\/ekua8417-megger-eristysvastusmittari\/","title":{"rendered":"EKUA8417 Megger eristysvastusmittari"},"content":{"rendered":"<p>Testaamaton mittari. Generaattori toimii oikein k\u00e4situntumalta arvioiden.<\/p><p>Laite varastoitu v\u00e4lill\u00e4 vaihtelevassa l\u00e4mp\u00f6tilassa.<\/p>","protected":false},"excerpt":{"rendered":"<p>Testaamaton mittari. Generaattori toimii oikein k\u00e4situntumalta arvioiden.Laite varastoitu v\u00e4lill\u00e4 vaihtelevassa l\u00e4mp\u00f6tilassa.<\/p>","protected":false},"featured_media":27354,"template":"","meta":[],"_links":{"self":[{"href":"https:\/\/www.radiomarket.fi\/en\/wp-json\/wp\/v2\/product\/27352"}],"collection":[{"href":"https:\/\/www.radiomarket.fi\/en\/wp-json\/wp\/v2\/product"}],"about":[{"href":"https:\/\/www.radiomarket.fi\/en\/wp-json\/wp\/v2\/types\/product"}],"wp:featuredmedia":[{"embeddable":true,"href":"https:\/\/www.radiomarket.fi\/en\/wp-json\/wp\/v2\/media\/27354"}],"wp:attachment":[{"href":"https:\/\/www.radiomarket.fi\/en\/wp-json\/wp\/v2\/media?parent=27352"}],"curies":[{"name":"wp","href":"https:\/\/api.w.org\/{rel}","templated":true}]}}