{"id":27432,"date":"2021-05-27T11:53:28","date_gmt":"2021-05-27T08:53:28","guid":{"rendered":"https:\/\/www.radiomarket.fi\/?post_type=product&#038;p=27432"},"modified":"2022-07-27T17:18:49","modified_gmt":"2022-07-27T14:18:49","slug":"ekua1385-tandberg-hi-fi-fm-viritinvahvistin","status":"publish","type":"product","link":"https:\/\/www.radiomarket.fi\/en\/kohde\/ekua1385-tandberg-hi-fi-fm-viritinvahvistin\/","title":{"rendered":"EKUA1385 Tandberg HI-FI FM viritinvahvistin"},"content":{"rendered":"<p>P\u00e4\u00e4ll\u00e4 puupinnassa muutamia jonkin verran naarmuja. Kolmesta nupista puuttuu hopeanv\u00e4rinen kapseli.<\/p>","protected":false},"excerpt":{"rendered":"<p>P\u00e4\u00e4ll\u00e4 puupinnassa muutamia jonkin verran naarmuja. Kolmesta nupista puuttuu hopeanv\u00e4rinen kapseli.<\/p>","protected":false},"featured_media":27433,"template":"","meta":[],"_links":{"self":[{"href":"https:\/\/www.radiomarket.fi\/en\/wp-json\/wp\/v2\/product\/27432"}],"collection":[{"href":"https:\/\/www.radiomarket.fi\/en\/wp-json\/wp\/v2\/product"}],"about":[{"href":"https:\/\/www.radiomarket.fi\/en\/wp-json\/wp\/v2\/types\/product"}],"wp:featuredmedia":[{"embeddable":true,"href":"https:\/\/www.radiomarket.fi\/en\/wp-json\/wp\/v2\/media\/27433"}],"wp:attachment":[{"href":"https:\/\/www.radiomarket.fi\/en\/wp-json\/wp\/v2\/media?parent=27432"}],"curies":[{"name":"wp","href":"https:\/\/api.w.org\/{rel}","templated":true}]}}