{"id":27437,"date":"2021-05-27T12:04:11","date_gmt":"2021-05-27T09:04:11","guid":{"rendered":"https:\/\/www.radiomarket.fi\/?post_type=product&#038;p=27437"},"modified":"2022-12-11T21:16:31","modified_gmt":"2022-12-11T19:16:31","slug":"ekua1386-telefunken-gavotte-1691","status":"publish","type":"product","link":"https:\/\/www.radiomarket.fi\/en\/kohde\/ekua1386-telefunken-gavotte-1691\/","title":{"rendered":"EKUA1386 Telefunken Gavotte 1691"},"content":{"rendered":"<p>Pintapuolisesti varsin siisti. Testiss\u00e4 levyn \u00e4\u00e4ni kuuluu ja valo palaa.<\/p>","protected":false},"excerpt":{"rendered":"<p>Pintapuolisesti varsin siisti. Testiss\u00e4 levyn \u00e4\u00e4ni kuuluu ja valo palaa.<\/p>","protected":false},"featured_media":27438,"template":"","meta":[],"_links":{"self":[{"href":"https:\/\/www.radiomarket.fi\/en\/wp-json\/wp\/v2\/product\/27437"}],"collection":[{"href":"https:\/\/www.radiomarket.fi\/en\/wp-json\/wp\/v2\/product"}],"about":[{"href":"https:\/\/www.radiomarket.fi\/en\/wp-json\/wp\/v2\/types\/product"}],"wp:featuredmedia":[{"embeddable":true,"href":"https:\/\/www.radiomarket.fi\/en\/wp-json\/wp\/v2\/media\/27438"}],"wp:attachment":[{"href":"https:\/\/www.radiomarket.fi\/en\/wp-json\/wp\/v2\/media?parent=27437"}],"curies":[{"name":"wp","href":"https:\/\/api.w.org\/{rel}","templated":true}]}}