{"id":27441,"date":"2021-05-27T12:14:27","date_gmt":"2021-05-27T09:14:27","guid":{"rendered":"https:\/\/www.radiomarket.fi\/?post_type=product&#038;p=27441"},"modified":"2022-03-08T11:49:57","modified_gmt":"2022-03-08T09:49:57","slug":"ekua1387-asa-3704","status":"publish","type":"product","link":"https:\/\/www.radiomarket.fi\/en\/kohde\/ekua1387-asa-3704\/","title":{"rendered":"EKUA1387 Asa 3704 (EKUS)"},"content":{"rendered":"<p>Pintapuolisesti varsin siisti. Testiss\u00e4: &#8220;virta ok, \u00e4\u00e4ni ei toimi&#8221;.\u00a0 Levysoitin BSR P128.<\/p>","protected":false},"excerpt":{"rendered":"<p>Pintapuolisesti varsin siisti. Testiss\u00e4: &#8220;virta ok, \u00e4\u00e4ni ei toimi&#8221;.\u00a0 Levysoitin BSR P128.<\/p>","protected":false},"featured_media":27443,"template":"","meta":[],"_links":{"self":[{"href":"https:\/\/www.radiomarket.fi\/en\/wp-json\/wp\/v2\/product\/27441"}],"collection":[{"href":"https:\/\/www.radiomarket.fi\/en\/wp-json\/wp\/v2\/product"}],"about":[{"href":"https:\/\/www.radiomarket.fi\/en\/wp-json\/wp\/v2\/types\/product"}],"wp:featuredmedia":[{"embeddable":true,"href":"https:\/\/www.radiomarket.fi\/en\/wp-json\/wp\/v2\/media\/27443"}],"wp:attachment":[{"href":"https:\/\/www.radiomarket.fi\/en\/wp-json\/wp\/v2\/media?parent=27441"}],"curies":[{"name":"wp","href":"https:\/\/api.w.org\/{rel}","templated":true}]}}