{"id":27482,"date":"2021-06-01T15:53:52","date_gmt":"2021-06-01T12:53:52","guid":{"rendered":"https:\/\/www.radiomarket.fi\/?post_type=product&#038;p=27482"},"modified":"2023-01-13T11:44:33","modified_gmt":"2023-01-13T09:44:33","slug":"ekua8423-philips-l3x-asteikko-skandinavia-a3-928-12-1","status":"publish","type":"product","link":"https:\/\/www.radiomarket.fi\/en\/kohde\/ekua8423-philips-l3x-asteikko-skandinavia-a3-928-12-1\/","title":{"rendered":"EKUA8423 Philips L3X asteikko Skandinavia A3 928 12 1 (EKUM)"},"content":{"rendered":"<p>V\u00e4rilt\u00e4\u00e4n sama kuin suomenkielinen asteikko FINN mallissa Philips L3X80T\/90. Aristona-matkaradiossa vastaava, mutta Aristonan logolla.<\/p>","protected":false},"excerpt":{"rendered":"<p>V\u00e4rilt\u00e4\u00e4n sama kuin suomenkielinen asteikko FINN mallissa Philips L3X80T\/90. Aristona-matkaradiossa vastaava, mutta Aristonan logolla.<\/p>","protected":false},"featured_media":27483,"template":"","meta":[],"_links":{"self":[{"href":"https:\/\/www.radiomarket.fi\/en\/wp-json\/wp\/v2\/product\/27482"}],"collection":[{"href":"https:\/\/www.radiomarket.fi\/en\/wp-json\/wp\/v2\/product"}],"about":[{"href":"https:\/\/www.radiomarket.fi\/en\/wp-json\/wp\/v2\/types\/product"}],"wp:featuredmedia":[{"embeddable":true,"href":"https:\/\/www.radiomarket.fi\/en\/wp-json\/wp\/v2\/media\/27483"}],"wp:attachment":[{"href":"https:\/\/www.radiomarket.fi\/en\/wp-json\/wp\/v2\/media?parent=27482"}],"curies":[{"name":"wp","href":"https:\/\/api.w.org\/{rel}","templated":true}]}}