{"id":27488,"date":"2021-06-01T16:14:12","date_gmt":"2021-06-01T13:14:12","guid":{"rendered":"https:\/\/www.radiomarket.fi\/?post_type=product&#038;p=27488"},"modified":"2021-06-03T18:13:47","modified_gmt":"2021-06-03T15:13:47","slug":"ekua8425-jaahdytysprofiili","status":"publish","type":"product","link":"https:\/\/www.radiomarket.fi\/en\/kohde\/ekua8425-jaahdytysprofiili\/","title":{"rendered":"EKUA8425 j\u00e4\u00e4hdytysprofiili"},"content":{"rendered":"<p>Alumiininen j\u00e4\u00e4hdytysripa. 12 voltin puhallinta ei testattu, joten se tulee kaupan p\u00e4\u00e4lle.<\/p>","protected":false},"excerpt":{"rendered":"<p>Alumiininen j\u00e4\u00e4hdytysripa. 12 voltin puhallinta ei testattu, joten se tulee kaupan p\u00e4\u00e4lle.<\/p>","protected":false},"featured_media":27485,"template":"","meta":[],"_links":{"self":[{"href":"https:\/\/www.radiomarket.fi\/en\/wp-json\/wp\/v2\/product\/27488"}],"collection":[{"href":"https:\/\/www.radiomarket.fi\/en\/wp-json\/wp\/v2\/product"}],"about":[{"href":"https:\/\/www.radiomarket.fi\/en\/wp-json\/wp\/v2\/types\/product"}],"wp:featuredmedia":[{"embeddable":true,"href":"https:\/\/www.radiomarket.fi\/en\/wp-json\/wp\/v2\/media\/27485"}],"wp:attachment":[{"href":"https:\/\/www.radiomarket.fi\/en\/wp-json\/wp\/v2\/media?parent=27488"}],"curies":[{"name":"wp","href":"https:\/\/api.w.org\/{rel}","templated":true}]}}