{"id":27495,"date":"2021-06-02T16:45:21","date_gmt":"2021-06-02T13:45:21","guid":{"rendered":"https:\/\/www.radiomarket.fi\/?post_type=product&#038;p=27495"},"modified":"2023-11-02T08:58:03","modified_gmt":"2023-11-02T06:58:03","slug":"ekua8410-ericsson-kenttapuhelin-2","status":"publish","type":"product","link":"https:\/\/www.radiomarket.fi\/en\/kohde\/ekua8410-ericsson-kenttapuhelin-2\/","title":{"rendered":"EKUA8410 Ericsson kentt\u00e4puhelin"},"content":{"rendered":"<p>Hyv\u00e4kuntoinen kentt\u00e4puhelin Ylesiradion k\u00e4yt\u00f6st\u00e4. Kansi puuttuu.<\/p>","protected":false},"excerpt":{"rendered":"<p>Hyv\u00e4kuntoinen kentt\u00e4puhelin Ylesiradion k\u00e4yt\u00f6st\u00e4. Kansi puuttuu.<\/p>","protected":false},"featured_media":27175,"template":"","meta":[],"_links":{"self":[{"href":"https:\/\/www.radiomarket.fi\/en\/wp-json\/wp\/v2\/product\/27495"}],"collection":[{"href":"https:\/\/www.radiomarket.fi\/en\/wp-json\/wp\/v2\/product"}],"about":[{"href":"https:\/\/www.radiomarket.fi\/en\/wp-json\/wp\/v2\/types\/product"}],"wp:featuredmedia":[{"embeddable":true,"href":"https:\/\/www.radiomarket.fi\/en\/wp-json\/wp\/v2\/media\/27175"}],"wp:attachment":[{"href":"https:\/\/www.radiomarket.fi\/en\/wp-json\/wp\/v2\/media?parent=27495"}],"curies":[{"name":"wp","href":"https:\/\/api.w.org\/{rel}","templated":true}]}}