{"id":27689,"date":"2021-06-30T14:30:09","date_gmt":"2021-06-30T11:30:09","guid":{"rendered":"https:\/\/www.radiomarket.fi\/?post_type=product&#038;p=27689"},"modified":"2025-08-02T14:35:47","modified_gmt":"2025-08-02T11:35:47","slug":"ekum0030x-blaupunkt-riviera","status":"publish","type":"product","link":"https:\/\/www.radiomarket.fi\/en\/kohde\/ekum0030x-blaupunkt-riviera\/","title":{"rendered":"EKUM0030x Blaupunkt Riviera asteikkolasi ja takalevy"},"content":{"rendered":"<p>J\u00e4ljell\u00e4 vain asteikkolasi ja takalevy. Kysy tarvitsemiasi osia.<\/p><p><br \/><strong>Poistettu seuraavat osat:<\/strong><br \/>Ei putkia. <br \/>Ei nuppeja. <br \/>Logo edest\u00e4 kankaasta poikki. <br \/>Kangasta ja lasia kiert\u00e4v\u00e4 lista irrotettu. Blaupunkt Rivieroissa on vuosimallieroja siten ett\u00e4 listat eiv\u00e4t istu v\u00e4ltt\u00e4m\u00e4tt\u00e4 eri vuosimallien kesken. Koneisto, kotelo ja painonapit myyty.<\/p>","protected":false},"excerpt":{"rendered":"<p>J\u00e4ljell\u00e4 vain asteikkolasi ja takalevy. Kysy tarvitsemiasi osia.Poistettu seuraavat osat:Ei putkia. Ei nuppeja. Logo edest\u00e4 kankaasta poikki. Kangasta ja lasia kiert\u00e4v\u00e4 lista irrotettu. Blaupunkt Rivieroissa on vuosimallieroja siten ett\u00e4 listat eiv\u00e4t istu v\u00e4ltt\u00e4m\u00e4tt\u00e4 eri vuosimallien kesken. Koneisto, kotelo ja painonapit myyty.<\/p>","protected":false},"featured_media":27932,"template":"","meta":[],"_links":{"self":[{"href":"https:\/\/www.radiomarket.fi\/en\/wp-json\/wp\/v2\/product\/27689"}],"collection":[{"href":"https:\/\/www.radiomarket.fi\/en\/wp-json\/wp\/v2\/product"}],"about":[{"href":"https:\/\/www.radiomarket.fi\/en\/wp-json\/wp\/v2\/types\/product"}],"wp:featuredmedia":[{"embeddable":true,"href":"https:\/\/www.radiomarket.fi\/en\/wp-json\/wp\/v2\/media\/27932"}],"wp:attachment":[{"href":"https:\/\/www.radiomarket.fi\/en\/wp-json\/wp\/v2\/media?parent=27689"}],"curies":[{"name":"wp","href":"https:\/\/api.w.org\/{rel}","templated":true}]}}