{"id":27693,"date":"2021-06-30T14:37:26","date_gmt":"2021-06-30T11:37:26","guid":{"rendered":"https:\/\/www.radiomarket.fi\/?post_type=product&#038;p=27693"},"modified":"2025-04-17T14:38:48","modified_gmt":"2025-04-17T11:38:48","slug":"ekum0033-helvar-celeston-stereophone-capella","status":"publish","type":"product","link":"https:\/\/www.radiomarket.fi\/en\/kohde\/ekum0033-helvar-celeston-stereophone-capella\/","title":{"rendered":"EKUM0033x Helvar \/ Celeston Stereophone Capella asteikkolasi ja nuppeja"},"content":{"rendered":"<p><strong>J\u00e4ljell\u00e4 olevat osat:<br \/><\/strong><br \/>Pienet p\u00f6lykapselilliset nupit 2kpl (keskiosan koriste n. 24mm, voi sopia esim Salora Riviera -mallin ruskeaan nuppiin joka n\u00e4ytt\u00e4isi olevan samalla muotilla tehty).<br \/>isot niiden takana olevat nupit 2kpl<br \/>asteikkolasi, jonka maalaus l\u00e4htenyt pahoin rapistumaan. <br \/><br \/>Tilaa haluamasi osa s\u00e4hk\u00f6postitse. Nupit sopivat kirjeen\u00e4.<br \/><br \/>HUOM! Kuvissa n\u00e4kyv\u00e4 koneisto (putketon), s\u00e4vyns\u00e4\u00e4t\u00f6nupit ja painonapit myyty.<br \/><br \/>T\u00e4h\u00e4n sopivia painonappeja tuotenumerolla EKUM0072.<\/p>","protected":false},"excerpt":{"rendered":"<p>J\u00e4ljell\u00e4 olevat osat:Pienet p\u00f6lykapselilliset nupit 2kpl (keskiosan koriste n. 24mm, voi sopia esim Salora Riviera -mallin ruskeaan nuppiin joka n\u00e4ytt\u00e4isi olevan samalla muotilla tehty).isot niiden takana olevat nupit 2kplasteikkolasi, jonka maalaus l\u00e4htenyt pahoin rapistumaan. Tilaa haluamasi osa s\u00e4hk\u00f6postitse. Nupit sopivat kirjeen\u00e4.HUOM! Kuvissa n\u00e4kyv\u00e4 koneisto (putketon), s\u00e4vyns\u00e4\u00e4t\u00f6nupit ja painonapit myyty.T\u00e4h\u00e4n sopivia painonappeja tuotenumerolla EKUM0072.<\/p>","protected":false},"featured_media":27920,"template":"","meta":[],"_links":{"self":[{"href":"https:\/\/www.radiomarket.fi\/en\/wp-json\/wp\/v2\/product\/27693"}],"collection":[{"href":"https:\/\/www.radiomarket.fi\/en\/wp-json\/wp\/v2\/product"}],"about":[{"href":"https:\/\/www.radiomarket.fi\/en\/wp-json\/wp\/v2\/types\/product"}],"wp:featuredmedia":[{"embeddable":true,"href":"https:\/\/www.radiomarket.fi\/en\/wp-json\/wp\/v2\/media\/27920"}],"wp:attachment":[{"href":"https:\/\/www.radiomarket.fi\/en\/wp-json\/wp\/v2\/media?parent=27693"}],"curies":[{"name":"wp","href":"https:\/\/api.w.org\/{rel}","templated":true}]}}