{"id":27705,"date":"2021-06-30T15:25:05","date_gmt":"2021-06-30T12:25:05","guid":{"rendered":"https:\/\/www.radiomarket.fi\/?post_type=product&#038;p=27705"},"modified":"2023-04-12T10:59:33","modified_gmt":"2023-04-12T07:59:33","slug":"ekum0053-salora-600-v","status":"publish","type":"product","link":"https:\/\/www.radiomarket.fi\/en\/kohde\/ekum0053-salora-600-v\/","title":{"rendered":"EKUM0053 Salora 600 V"},"content":{"rendered":"<p>Ei putkia. Ei takalevy\u00e4. Ei kaiutinelementti\u00e4.<br \/><br \/>Ei tutkittu tarkemmin. My\u00f6s muita osia saattaa puuttua. Tarkistathan tietojen oikeellisuuden myyj\u00e4lt\u00e4.<\/p>","protected":false},"excerpt":{"rendered":"<p>Ei putkia. Ei takalevy\u00e4. Ei kaiutinelementti\u00e4.Ei tutkittu tarkemmin. My\u00f6s muita osia saattaa puuttua. Tarkistathan tietojen oikeellisuuden myyj\u00e4lt\u00e4.<\/p>","protected":false},"featured_media":28667,"template":"","meta":[],"_links":{"self":[{"href":"https:\/\/www.radiomarket.fi\/en\/wp-json\/wp\/v2\/product\/27705"}],"collection":[{"href":"https:\/\/www.radiomarket.fi\/en\/wp-json\/wp\/v2\/product"}],"about":[{"href":"https:\/\/www.radiomarket.fi\/en\/wp-json\/wp\/v2\/types\/product"}],"wp:featuredmedia":[{"embeddable":true,"href":"https:\/\/www.radiomarket.fi\/en\/wp-json\/wp\/v2\/media\/28667"}],"wp:attachment":[{"href":"https:\/\/www.radiomarket.fi\/en\/wp-json\/wp\/v2\/media?parent=27705"}],"curies":[{"name":"wp","href":"https:\/\/api.w.org\/{rel}","templated":true}]}}