{"id":27720,"date":"2021-07-01T15:10:45","date_gmt":"2021-07-01T12:10:45","guid":{"rendered":"https:\/\/www.radiomarket.fi\/?post_type=product&#038;p=27720"},"modified":"2023-02-14T19:02:00","modified_gmt":"2023-02-14T17:02:00","slug":"ekum0044-asa-1029","status":"publish","type":"product","link":"https:\/\/www.radiomarket.fi\/en\/kohde\/ekum0044-asa-1029\/","title":{"rendered":"EKUM0044 ASA 1029 puretaan"},"content":{"rendered":"<p><strong>Ainakin seuraavat osat puuttuvat, puutteellisia tai purettu:<\/strong><br \/><br \/>Putket puuttuu. <br \/>Pikkunupit puuttuvat.<br \/>Toinen isommista nupeista rikkoutunut kuvien ottamisen j\u00e4lkeen, mutta sen rinkula tallessa.<br \/>Pohjalevy ei alkuper\u00e4inen (tehty vanerista mutta mittoihin sopiva)<br \/>Takalevyn ja pohjalevyn, sek\u00e4 koneiston alkuper\u00e4iset ruuvit puuttuvat.<br \/>Pistotulppa vaihdettu s\u00e4\u00e4d\u00f6sten vastaiseen.<br \/><span data-sheets-value=\"{&quot;1&quot;:2,&quot;2&quot;:&quot;Moro taas. Tarvitsisin asa 1147 viritint\u00e4. L\u00f6ysin EKUM0035x 1029\/1147? Kuvan, jossa olisi ainakin ulkon\u00e4\u00f6lt\u00e4\u00e4n oikeanlainen? Mit\u00e4 maksaa viritin narupy\u00f6rineen\/saako sen yksin\u00e4\u00e4n, vai pit\u00e4\u00e4k\u00f6 koko kasa hankkia? Terv Erkki alias vesku j\u00e4sen 919&quot;}\" data-sheets-userformat=\"{&quot;2&quot;:8705,&quot;3&quot;:{&quot;1&quot;:0},&quot;12&quot;:0,&quot;16&quot;:12}\">Viritin (ULA-purkki) narupy\u00f6rineen.<br \/>Antennin kolmepiikkinen runkoliitin myyty<br \/><br \/><\/span><\/p>","protected":false},"excerpt":{"rendered":"<p>Ainakin seuraavat osat puuttuvat, puutteellisia tai purettu:Putket puuttuu. Pikkunupit puuttuvat.Toinen isommista nupeista rikkoutunut kuvien ottamisen j\u00e4lkeen, mutta sen rinkula tallessa.Pohjalevy ei alkuper\u00e4inen (tehty vanerista mutta mittoihin sopiva)Takalevyn ja pohjalevyn, sek\u00e4 koneiston alkuper\u00e4iset ruuvit puuttuvat.Pistotulppa vaihdettu s\u00e4\u00e4d\u00f6sten vastaiseen.Viritin (ULA-purkki) narupy\u00f6rineen.Antennin kolmepiikkinen runkoliitin myyty<\/p>","protected":false},"featured_media":28641,"template":"","meta":[],"_links":{"self":[{"href":"https:\/\/www.radiomarket.fi\/en\/wp-json\/wp\/v2\/product\/27720"}],"collection":[{"href":"https:\/\/www.radiomarket.fi\/en\/wp-json\/wp\/v2\/product"}],"about":[{"href":"https:\/\/www.radiomarket.fi\/en\/wp-json\/wp\/v2\/types\/product"}],"wp:featuredmedia":[{"embeddable":true,"href":"https:\/\/www.radiomarket.fi\/en\/wp-json\/wp\/v2\/media\/28641"}],"wp:attachment":[{"href":"https:\/\/www.radiomarket.fi\/en\/wp-json\/wp\/v2\/media?parent=27720"}],"curies":[{"name":"wp","href":"https:\/\/api.w.org\/{rel}","templated":true}]}}