{"id":27754,"date":"2021-07-03T20:00:51","date_gmt":"2021-07-03T17:00:51","guid":{"rendered":"https:\/\/www.radiomarket.fi\/?post_type=product&#038;p=27754"},"modified":"2023-05-27T17:39:54","modified_gmt":"2023-05-27T14:39:54","slug":"ekuh0001-asa-muovilogo-kopio","status":"publish","type":"product","link":"https:\/\/www.radiomarket.fi\/en\/kohde\/ekuh0001-asa-muovilogo-kopio\/","title":{"rendered":"EKUH0001 ASA muovilogo kopio"},"content":{"rendered":"<p>ASA-logo. Muovivaluj\u00e4ljitelm\u00e4, maalattu kullanv\u00e4riseksi, liimattava.\u00a0<\/p>","protected":false},"excerpt":{"rendered":"<p>ASA-logo. Muovivaluj\u00e4ljitelm\u00e4, maalattu kullanv\u00e4riseksi, liimattava.\u00a0<\/p>","protected":false},"featured_media":27750,"template":"","meta":[],"_links":{"self":[{"href":"https:\/\/www.radiomarket.fi\/en\/wp-json\/wp\/v2\/product\/27754"}],"collection":[{"href":"https:\/\/www.radiomarket.fi\/en\/wp-json\/wp\/v2\/product"}],"about":[{"href":"https:\/\/www.radiomarket.fi\/en\/wp-json\/wp\/v2\/types\/product"}],"wp:featuredmedia":[{"embeddable":true,"href":"https:\/\/www.radiomarket.fi\/en\/wp-json\/wp\/v2\/media\/27750"}],"wp:attachment":[{"href":"https:\/\/www.radiomarket.fi\/en\/wp-json\/wp\/v2\/media?parent=27754"}],"curies":[{"name":"wp","href":"https:\/\/api.w.org\/{rel}","templated":true}]}}