{"id":27807,"date":"2021-07-19T19:04:28","date_gmt":"2021-07-19T16:04:28","guid":{"rendered":"https:\/\/www.radiomarket.fi\/?post_type=product&#038;p=27807"},"modified":"2022-09-09T22:19:22","modified_gmt":"2022-09-09T19:19:22","slug":"ekub0084-antennilankaa-parikaapelikelalla","status":"publish","type":"product","link":"https:\/\/www.radiomarket.fi\/en\/kohde\/ekub0084-antennilankaa-parikaapelikelalla\/","title":{"rendered":"EKUB0084 antennilankaa parikaapelikelalla"},"content":{"rendered":"<p>Monis\u00e4ikeinen ter\u00e4slanka. N\u00e4kyv\u00e4ll\u00e4 osuudella vikoja muovieristeess\u00e4. P\u00f6lyisess\u00e4 paikassa s\u00e4ilytetty. Kela vioittunut, ratasp\u00e4\u00e4 n\u00e4ytt\u00e4\u00e4 toimivalta.<\/p>","protected":false},"excerpt":{"rendered":"<p>Monis\u00e4ikeinen ter\u00e4slanka. N\u00e4kyv\u00e4ll\u00e4 osuudella vikoja muovieristeess\u00e4. P\u00f6lyisess\u00e4 paikassa s\u00e4ilytetty. Kela vioittunut, ratasp\u00e4\u00e4 n\u00e4ytt\u00e4\u00e4 toimivalta.<\/p>","protected":false},"featured_media":27803,"template":"","meta":[],"_links":{"self":[{"href":"https:\/\/www.radiomarket.fi\/en\/wp-json\/wp\/v2\/product\/27807"}],"collection":[{"href":"https:\/\/www.radiomarket.fi\/en\/wp-json\/wp\/v2\/product"}],"about":[{"href":"https:\/\/www.radiomarket.fi\/en\/wp-json\/wp\/v2\/types\/product"}],"wp:featuredmedia":[{"embeddable":true,"href":"https:\/\/www.radiomarket.fi\/en\/wp-json\/wp\/v2\/media\/27803"}],"wp:attachment":[{"href":"https:\/\/www.radiomarket.fi\/en\/wp-json\/wp\/v2\/media?parent=27807"}],"curies":[{"name":"wp","href":"https:\/\/api.w.org\/{rel}","templated":true}]}}