{"id":27831,"date":"2021-07-24T14:31:47","date_gmt":"2021-07-24T11:31:47","guid":{"rendered":"https:\/\/www.radiomarket.fi\/?post_type=product&#038;p=27831"},"modified":"2022-07-26T12:05:11","modified_gmt":"2022-07-26T09:05:11","slug":"ekuh0006-ravenna-muovilogo-kopio","status":"publish","type":"product","link":"https:\/\/www.radiomarket.fi\/en\/kohde\/ekuh0006-ravenna-muovilogo-kopio\/","title":{"rendered":"EKUH0006 Ravenna muovilogo kopio"},"content":{"rendered":"<p>Ravenna-logo. Muovivaluj\u00e4ljitelm\u00e4, liimattava. Hinta \u20ac9.00 sis\u00e4lt\u00e4\u00e4 toimituksen kirjeen\u00e4.<\/p>","protected":false},"excerpt":{"rendered":"<p>Hinta \u20ac9.00 sis\u00e4lt\u00e4\u00e4 toimituksen kirjeen\u00e4.<\/p>","protected":false},"featured_media":27826,"template":"","meta":[],"_links":{"self":[{"href":"https:\/\/www.radiomarket.fi\/en\/wp-json\/wp\/v2\/product\/27831"}],"collection":[{"href":"https:\/\/www.radiomarket.fi\/en\/wp-json\/wp\/v2\/product"}],"about":[{"href":"https:\/\/www.radiomarket.fi\/en\/wp-json\/wp\/v2\/types\/product"}],"wp:featuredmedia":[{"embeddable":true,"href":"https:\/\/www.radiomarket.fi\/en\/wp-json\/wp\/v2\/media\/27826"}],"wp:attachment":[{"href":"https:\/\/www.radiomarket.fi\/en\/wp-json\/wp\/v2\/media?parent=27831"}],"curies":[{"name":"wp","href":"https:\/\/api.w.org\/{rel}","templated":true}]}}