{"id":27834,"date":"2021-07-24T14:37:24","date_gmt":"2021-07-24T11:37:24","guid":{"rendered":"https:\/\/www.radiomarket.fi\/?post_type=product&#038;p=27834"},"modified":"2023-11-16T11:38:25","modified_gmt":"2023-11-16T09:38:25","slug":"ekuh0007-salora-metropol-muovilogo-kopio","status":"publish","type":"product","link":"https:\/\/www.radiomarket.fi\/en\/kohde\/ekuh0007-salora-metropol-muovilogo-kopio\/","title":{"rendered":"EKUH0007 Salora Metropol muovilogo kopio"},"content":{"rendered":"<p>Pelkk\u00e4 Metropol-logo. Muovivaluj\u00e4ljitelm\u00e4, liimattava. Hinta \u20ac9.00 sis\u00e4lt\u00e4\u00e4 toimituksen kirjeen\u00e4.<\/p>","protected":false},"excerpt":{"rendered":"<p>Hinta \u20ac9.00 sis\u00e4lt\u00e4\u00e4 toimituksen kirjeen\u00e4.<\/p>","protected":false},"featured_media":27827,"template":"","meta":[],"_links":{"self":[{"href":"https:\/\/www.radiomarket.fi\/en\/wp-json\/wp\/v2\/product\/27834"}],"collection":[{"href":"https:\/\/www.radiomarket.fi\/en\/wp-json\/wp\/v2\/product"}],"about":[{"href":"https:\/\/www.radiomarket.fi\/en\/wp-json\/wp\/v2\/types\/product"}],"wp:featuredmedia":[{"embeddable":true,"href":"https:\/\/www.radiomarket.fi\/en\/wp-json\/wp\/v2\/media\/27827"}],"wp:attachment":[{"href":"https:\/\/www.radiomarket.fi\/en\/wp-json\/wp\/v2\/media?parent=27834"}],"curies":[{"name":"wp","href":"https:\/\/api.w.org\/{rel}","templated":true}]}}