{"id":27901,"date":"2021-07-28T22:35:40","date_gmt":"2021-07-28T19:35:40","guid":{"rendered":"https:\/\/www.radiomarket.fi\/?post_type=product&#038;p=27901"},"modified":"2021-07-28T22:36:53","modified_gmt":"2021-07-28T19:36:53","slug":"ekum0026-philips-b4-sf-72-a","status":"publish","type":"product","link":"https:\/\/www.radiomarket.fi\/en\/kohde\/ekum0026-philips-b4-sf-72-a\/","title":{"rendered":"EKUM0026 Philips B4 SF 72 A"},"content":{"rendered":"<p>Kunnostuskelpoinen, kotelon yl\u00e4reunassa lovi. Kuva ja lis\u00e4tietoja pyydett\u00e4ess\u00e4.<\/p>","protected":false},"excerpt":{"rendered":"<p>Kunnostuskelpoinen, kotelon yl\u00e4reunassa lovi. Kuva ja lis\u00e4tietoja pyydett\u00e4ess\u00e4.<\/p>","protected":false},"featured_media":0,"template":"","meta":[],"_links":{"self":[{"href":"https:\/\/www.radiomarket.fi\/en\/wp-json\/wp\/v2\/product\/27901"}],"collection":[{"href":"https:\/\/www.radiomarket.fi\/en\/wp-json\/wp\/v2\/product"}],"about":[{"href":"https:\/\/www.radiomarket.fi\/en\/wp-json\/wp\/v2\/types\/product"}],"wp:attachment":[{"href":"https:\/\/www.radiomarket.fi\/en\/wp-json\/wp\/v2\/media?parent=27901"}],"curies":[{"name":"wp","href":"https:\/\/api.w.org\/{rel}","templated":true}]}}