{"id":27904,"date":"2021-07-28T22:42:39","date_gmt":"2021-07-28T19:42:39","guid":{"rendered":"https:\/\/www.radiomarket.fi\/?post_type=product&#038;p=27904"},"modified":"2024-08-22T10:57:40","modified_gmt":"2024-08-22T07:57:40","slug":"ekum0029-putkiradion-takalevy-telefunken-operette-52","status":"publish","type":"product","link":"https:\/\/www.radiomarket.fi\/en\/kohde\/ekum0029-putkiradion-takalevy-telefunken-operette-52\/","title":{"rendered":"EKUM0029 putkiradion takalevy Telefunken Operette 52"},"content":{"rendered":"<p>Kuva ja lis\u00e4tietoja pyydett\u00e4ess\u00e4. Hyv\u00e4kuntoinen. Tarra revennyt sis\u00e4lt\u00e4. Yleisradion merkint\u00e4 takalevyss\u00e4.<\/p>","protected":false},"excerpt":{"rendered":"<p>Kuva ja lis\u00e4tietoja pyydett\u00e4ess\u00e4. Hyv\u00e4kuntoinen. Tarra revennyt sis\u00e4lt\u00e4. Yleisradion merkint\u00e4 takalevyss\u00e4.<\/p>","protected":false},"featured_media":27955,"template":"","meta":[],"_links":{"self":[{"href":"https:\/\/www.radiomarket.fi\/en\/wp-json\/wp\/v2\/product\/27904"}],"collection":[{"href":"https:\/\/www.radiomarket.fi\/en\/wp-json\/wp\/v2\/product"}],"about":[{"href":"https:\/\/www.radiomarket.fi\/en\/wp-json\/wp\/v2\/types\/product"}],"wp:featuredmedia":[{"embeddable":true,"href":"https:\/\/www.radiomarket.fi\/en\/wp-json\/wp\/v2\/media\/27955"}],"wp:attachment":[{"href":"https:\/\/www.radiomarket.fi\/en\/wp-json\/wp\/v2\/media?parent=27904"}],"curies":[{"name":"wp","href":"https:\/\/api.w.org\/{rel}","templated":true}]}}