{"id":27998,"date":"2024-02-04T14:43:35","date_gmt":"2024-02-04T12:43:35","guid":{"rendered":"https:\/\/www.radiomarket.fi\/?post_type=product&#038;p=27998"},"modified":"2024-02-04T14:52:35","modified_gmt":"2024-02-04T12:52:35","slug":"ekun0017-philips-poytaradio","status":"publish","type":"product","link":"https:\/\/www.radiomarket.fi\/en\/kohde\/ekun0017-philips-poytaradio\/","title":{"rendered":"EKUN0017 Philips 22 RB 292\/325 p\u00f6yt\u00e4radio + antenniliitin"},"content":{"rendered":"<p>Valmistaja: terate.<br \/><br \/>Kaiutinritil\u00e4 irronnut liimauksestaan. Kaiuttimen pahvi ehj\u00e4, ei testattu muuten. Alareunasta lista repsottaa. Asteikkonaru kulkee. Voidaan myyd\u00e4 osina tai kokonaisena, kysy tarvitsemiasi osia. Antenniliitin mukana \u20ac5.00.<\/p>","protected":false},"excerpt":{"rendered":"<p>Valmistaja: terate.Kaiutinritil\u00e4 irronnut liimauksestaan. Kaiuttimen pahvi ehj\u00e4, ei testattu muuten. Alareunasta lista repsottaa. Asteikkonaru kulkee. Voidaan myyd\u00e4 osina tai kokonaisena, kysy tarvitsemiasi osia. Antenniliitin mukana \u20ac5.00.<\/p>","protected":false},"featured_media":27999,"template":"","meta":[],"_links":{"self":[{"href":"https:\/\/www.radiomarket.fi\/en\/wp-json\/wp\/v2\/product\/27998"}],"collection":[{"href":"https:\/\/www.radiomarket.fi\/en\/wp-json\/wp\/v2\/product"}],"about":[{"href":"https:\/\/www.radiomarket.fi\/en\/wp-json\/wp\/v2\/types\/product"}],"wp:featuredmedia":[{"embeddable":true,"href":"https:\/\/www.radiomarket.fi\/en\/wp-json\/wp\/v2\/media\/27999"}],"wp:attachment":[{"href":"https:\/\/www.radiomarket.fi\/en\/wp-json\/wp\/v2\/media?parent=27998"}],"curies":[{"name":"wp","href":"https:\/\/api.w.org\/{rel}","templated":true}]}}