{"id":28063,"date":"2021-08-09T13:01:32","date_gmt":"2021-08-09T10:01:32","guid":{"rendered":"https:\/\/www.radiomarket.fi\/?post_type=product&#038;p=28063"},"modified":"2025-04-09T14:03:21","modified_gmt":"2025-04-09T11:03:21","slug":"ekum0058a-philips-putkihylly","status":"publish","type":"product","link":"https:\/\/www.radiomarket.fi\/en\/kohde\/ekum0058a-philips-putkihylly\/","title":{"rendered":"EKUM0058 Philips putkihylly"},"content":{"rendered":"<p>Kunto kohtalainen, parhaat myyd\u00e4\u00e4n ensin. Yhden hyllyn mukana tulee viisi v\u00e4lilevy\u00e4. Useissa j\u00e4ljell\u00e4 olevissa on teippij\u00e4lke\u00e4 puupinnassa ja pintavikoja.<br \/><br \/>V\u00e4lilevyj\u00e4 tilattavissa lis\u00e4\u00e4 tuotekoodilla EKUM0059 seitsem\u00e4n kappaleen eriss\u00e4.<\/p>","protected":false},"excerpt":{"rendered":"<p>Kunto kohtalainen, parhaat myyd\u00e4\u00e4n ensin. Yhden hyllyn mukana tulee viisi v\u00e4lilevy\u00e4. Useissa j\u00e4ljell\u00e4 olevissa on teippij\u00e4lke\u00e4 puupinnassa ja pintavikoja.V\u00e4lilevyj\u00e4 tilattavissa lis\u00e4\u00e4 tuotekoodilla EKUM0059 seitsem\u00e4n kappaleen eriss\u00e4.<\/p>","protected":false},"featured_media":28055,"template":"","meta":[],"_links":{"self":[{"href":"https:\/\/www.radiomarket.fi\/en\/wp-json\/wp\/v2\/product\/28063"}],"collection":[{"href":"https:\/\/www.radiomarket.fi\/en\/wp-json\/wp\/v2\/product"}],"about":[{"href":"https:\/\/www.radiomarket.fi\/en\/wp-json\/wp\/v2\/types\/product"}],"wp:featuredmedia":[{"embeddable":true,"href":"https:\/\/www.radiomarket.fi\/en\/wp-json\/wp\/v2\/media\/28055"}],"wp:attachment":[{"href":"https:\/\/www.radiomarket.fi\/en\/wp-json\/wp\/v2\/media?parent=28063"}],"curies":[{"name":"wp","href":"https:\/\/api.w.org\/{rel}","templated":true}]}}