{"id":28076,"date":"2024-07-23T17:27:44","date_gmt":"2024-07-23T14:27:44","guid":{"rendered":"https:\/\/www.radiomarket.fi\/?post_type=product&#038;p=28076"},"modified":"2024-12-23T00:32:20","modified_gmt":"2024-12-22T22:32:20","slug":"ekua5484x-signal-corps-case-cs-137-tyhja","status":"publish","type":"product","link":"https:\/\/www.radiomarket.fi\/en\/kohde\/ekua5484x-signal-corps-case-cs-137-tyhja\/","title":{"rendered":"EKUA5484x Signal Corps Case CS-137 tyhj\u00e4 WW2 (EKUS)"},"content":{"rendered":"<p>Maastovihre\u00e4 metallilaatikko, jossa sis\u00e4ll\u00e4 kahdessa kerroksessa s\u00e4ilytyssijoja ft243-kiteille. Ei kiteit\u00e4, tyhj\u00e4 kidelaatikko. Useita, tiedustele saatavuus ostaessasi enemm\u00e4n kuin kaksi. Useimmat vuodelta 1944.<\/p><p>Suomeen n\u00e4m\u00e4 laatikot on hankittu kiteineen Ilmailulaitoksen k\u00e4ytt\u00f6\u00f6n Yhdysvaltain ylij\u00e4\u00e4m\u00e4varastoista.<\/p><p>Tyylik\u00e4s laatikko esimerkiksi aseenpuhdistusv\u00e4lineille. Ohessa esimerkkikuvia.<\/p><p>Laatikoista voi puuttua kuvissa n\u00e4kyvi\u00e4 pehmusteita. #WW2<\/p>","protected":false},"excerpt":{"rendered":"<p>Maastovihre\u00e4 metallilaatikko, jossa sis\u00e4ll\u00e4 kahdessa kerroksessa s\u00e4ilytyssijoja ft243-kiteille. Ei kiteit\u00e4, tyhj\u00e4 kidelaatikko. Useita, tiedustele saatavuus ostaessasi enemm\u00e4n kuin kaksi. Useimmat vuodelta 1944.Suomeen n\u00e4m\u00e4 laatikot on hankittu kiteineen Ilmailulaitoksen k\u00e4ytt\u00f6\u00f6n Yhdysvaltain ylij\u00e4\u00e4m\u00e4varastoista.Tyylik\u00e4s laatikko esimerkiksi aseenpuhdistusv\u00e4lineille. Ohessa esimerkkikuvia.Laatikoista voi puuttua kuvissa n\u00e4kyvi\u00e4 pehmusteita. #WW2<\/p>","protected":false},"featured_media":8905,"template":"","meta":[],"_links":{"self":[{"href":"https:\/\/www.radiomarket.fi\/en\/wp-json\/wp\/v2\/product\/28076"}],"collection":[{"href":"https:\/\/www.radiomarket.fi\/en\/wp-json\/wp\/v2\/product"}],"about":[{"href":"https:\/\/www.radiomarket.fi\/en\/wp-json\/wp\/v2\/types\/product"}],"wp:featuredmedia":[{"embeddable":true,"href":"https:\/\/www.radiomarket.fi\/en\/wp-json\/wp\/v2\/media\/8905"}],"wp:attachment":[{"href":"https:\/\/www.radiomarket.fi\/en\/wp-json\/wp\/v2\/media?parent=28076"}],"curies":[{"name":"wp","href":"https:\/\/api.w.org\/{rel}","templated":true}]}}