{"id":28098,"date":"2021-08-11T16:07:34","date_gmt":"2021-08-11T13:07:34","guid":{"rendered":"https:\/\/www.radiomarket.fi\/?post_type=product&#038;p=28098"},"modified":"2024-02-08T20:31:37","modified_gmt":"2024-02-08T18:31:37","slug":"ekum0061-microsoft-mouse","status":"publish","type":"product","link":"https:\/\/www.radiomarket.fi\/en\/kohde\/ekum0061-microsoft-mouse\/","title":{"rendered":"EKUM0061 Microsoft Mouse Serial Port"},"content":{"rendered":"<p>P\u00e4\u00e4llisin puolin ehyt tietokonehiiri sarjaporttiin. Hiiress\u00e4 ja pistokkeessa Microsoftin teksti. Tuotetta ei ole yritetty puhdistaa.<\/p>","protected":false},"excerpt":{"rendered":"<p>P\u00e4\u00e4llisin puolin ehyt tietokonehiiri sarjaporttiin. Hiiress\u00e4 ja pistokkeessa Microsoftin teksti. Tuotetta ei ole yritetty puhdistaa.<\/p>","protected":false},"featured_media":28119,"template":"","meta":[],"_links":{"self":[{"href":"https:\/\/www.radiomarket.fi\/en\/wp-json\/wp\/v2\/product\/28098"}],"collection":[{"href":"https:\/\/www.radiomarket.fi\/en\/wp-json\/wp\/v2\/product"}],"about":[{"href":"https:\/\/www.radiomarket.fi\/en\/wp-json\/wp\/v2\/types\/product"}],"wp:featuredmedia":[{"embeddable":true,"href":"https:\/\/www.radiomarket.fi\/en\/wp-json\/wp\/v2\/media\/28119"}],"wp:attachment":[{"href":"https:\/\/www.radiomarket.fi\/en\/wp-json\/wp\/v2\/media?parent=28098"}],"curies":[{"name":"wp","href":"https:\/\/api.w.org\/{rel}","templated":true}]}}