{"id":28152,"date":"2021-08-14T18:12:32","date_gmt":"2021-08-14T15:12:32","guid":{"rendered":"https:\/\/www.radiomarket.fi\/?post_type=product&#038;p=28152"},"modified":"2022-08-24T17:20:27","modified_gmt":"2022-08-24T14:20:27","slug":"ekus0101-kangasvyo-suomen-armeijan-soljella","status":"publish","type":"product","link":"https:\/\/www.radiomarket.fi\/en\/kohde\/ekus0101-kangasvyo-suomen-armeijan-soljella\/","title":{"rendered":"EKUS0101 Kangasvy\u00f6 Suomen armeijan soljella"},"content":{"rendered":"<p>Suomen puolustusvoimien vy\u00f6. Pituus 110 cm. V\u00e4h\u00e4ist\u00e4 ruostej\u00e4lke\u00e4 kankaan reunassa lyhyell\u00e4 matkalla ja soljessa, j\u00e4\u00e4nee usein taakse n\u00e4kym\u00e4tt\u00f6miin. K\u00e4ytetty.<\/p>","protected":false},"excerpt":{"rendered":"<p>Suomen puolustusvoimien vy\u00f6. Pituus 110 cm. V\u00e4h\u00e4ist\u00e4 ruostej\u00e4lke\u00e4 kankaan reunassa lyhyell\u00e4 matkalla ja soljessa, j\u00e4\u00e4nee usein taakse n\u00e4kym\u00e4tt\u00f6miin. K\u00e4ytetty.<\/p>","protected":false},"featured_media":28153,"template":"","meta":[],"_links":{"self":[{"href":"https:\/\/www.radiomarket.fi\/en\/wp-json\/wp\/v2\/product\/28152"}],"collection":[{"href":"https:\/\/www.radiomarket.fi\/en\/wp-json\/wp\/v2\/product"}],"about":[{"href":"https:\/\/www.radiomarket.fi\/en\/wp-json\/wp\/v2\/types\/product"}],"wp:featuredmedia":[{"embeddable":true,"href":"https:\/\/www.radiomarket.fi\/en\/wp-json\/wp\/v2\/media\/28153"}],"wp:attachment":[{"href":"https:\/\/www.radiomarket.fi\/en\/wp-json\/wp\/v2\/media?parent=28152"}],"curies":[{"name":"wp","href":"https:\/\/api.w.org\/{rel}","templated":true}]}}