{"id":28282,"date":"2021-08-31T09:43:04","date_gmt":"2021-08-31T06:43:04","guid":{"rendered":"https:\/\/www.radiomarket.fi\/?post_type=product&#038;p=28282"},"modified":"2025-12-03T20:45:51","modified_gmt":"2025-12-03T18:45:51","slug":"ekum0066-sangean-ant-60-kela-antenni","status":"publish","type":"product","link":"https:\/\/www.radiomarket.fi\/en\/kohde\/ekum0066-sangean-ant-60-kela-antenni\/","title":{"rendered":"EKUM0066 Sangean ANT-60 kela-antenni"},"content":{"rendered":"<p>Toimiva matka-antenni. Taskuantenni sopii mm. Sangean ja Tecsun -vastaanottimien lis\u00e4antenniliit\u00e4nt\u00e4\u00e4n. T\u00e4m\u00e4 on myyty ilman adapteria Sangean ATS-909 varusteena. K\u00e4yt\u00f6n j\u00e4lki\u00e4. Lyhytaaltoantenni. Liitin 3,5 mm plugi.<\/p>","protected":false},"excerpt":{"rendered":"<p>https:\/\/www.radiomuseum.org\/r\/sangean_compact_antenna_ant_60.html<\/p>","protected":false},"featured_media":28283,"template":"","meta":[],"_links":{"self":[{"href":"https:\/\/www.radiomarket.fi\/en\/wp-json\/wp\/v2\/product\/28282"}],"collection":[{"href":"https:\/\/www.radiomarket.fi\/en\/wp-json\/wp\/v2\/product"}],"about":[{"href":"https:\/\/www.radiomarket.fi\/en\/wp-json\/wp\/v2\/types\/product"}],"wp:featuredmedia":[{"embeddable":true,"href":"https:\/\/www.radiomarket.fi\/en\/wp-json\/wp\/v2\/media\/28283"}],"wp:attachment":[{"href":"https:\/\/www.radiomarket.fi\/en\/wp-json\/wp\/v2\/media?parent=28282"}],"curies":[{"name":"wp","href":"https:\/\/api.w.org\/{rel}","templated":true}]}}