{"id":28299,"date":"2021-09-01T14:57:31","date_gmt":"2021-09-01T11:57:31","guid":{"rendered":"https:\/\/www.radiomarket.fi\/?post_type=product&#038;p=28299"},"modified":"2021-09-15T14:27:46","modified_gmt":"2021-09-15T11:27:46","slug":"ekum0068-ite-mikseri","status":"publish","type":"product","link":"https:\/\/www.radiomarket.fi\/en\/kohde\/ekum0068-ite-mikseri\/","title":{"rendered":"EKUM0068 ITE mikseri"},"content":{"rendered":"<p>Ulkoisesti siisti\u00e4 ty\u00f6t\u00e4, ei testattu.<\/p>","protected":false},"excerpt":{"rendered":"<p>Ulkoisesti siisti\u00e4 ty\u00f6t\u00e4, ei testattu.<\/p>","protected":false},"featured_media":28300,"template":"","meta":[],"_links":{"self":[{"href":"https:\/\/www.radiomarket.fi\/en\/wp-json\/wp\/v2\/product\/28299"}],"collection":[{"href":"https:\/\/www.radiomarket.fi\/en\/wp-json\/wp\/v2\/product"}],"about":[{"href":"https:\/\/www.radiomarket.fi\/en\/wp-json\/wp\/v2\/types\/product"}],"wp:featuredmedia":[{"embeddable":true,"href":"https:\/\/www.radiomarket.fi\/en\/wp-json\/wp\/v2\/media\/28300"}],"wp:attachment":[{"href":"https:\/\/www.radiomarket.fi\/en\/wp-json\/wp\/v2\/media?parent=28299"}],"curies":[{"name":"wp","href":"https:\/\/api.w.org\/{rel}","templated":true}]}}