{"id":28320,"date":"2025-09-29T15:35:34","date_gmt":"2025-09-29T12:35:34","guid":{"rendered":"https:\/\/www.radiomarket.fi\/?post_type=product&#038;p=28320"},"modified":"2025-09-29T15:49:57","modified_gmt":"2025-09-29T12:49:57","slug":"ekua2365-dux-9123","status":"publish","type":"product","link":"https:\/\/www.radiomarket.fi\/en\/kohde\/ekua2365-dux-9123\/","title":{"rendered":"EKUA2365 Dux 9123 (EKUS)"},"content":{"rendered":"<p>Pohjaluukku puuttuu. Kuvassa n\u00e4kyv\u00e4t koristeosat irronneet liimauksistaan, mutta mukana. Testattu 9\/2025, virta tulee. Ei l\u00e4hde py\u00f6ritt\u00e4m\u00e4\u00e4n, eik\u00e4 kelaa eteen. Stop-mekanismi toimii. Takaisinkelauksen nappi ei pysynyt testattaessa pohjassa. Virtanappi jumittaa, ei sammunut ekalla yrityksell\u00e4. Ei tutkittu tarkemmin.<\/p>","protected":false},"excerpt":{"rendered":"<p>Pohjaluukku puuttuu. Kuvassa n\u00e4kyv\u00e4t koristeosat irronneet liimauksistaan, mutta mukana. Testattu 9\/2025, virta tulee. Ei l\u00e4hde py\u00f6ritt\u00e4m\u00e4\u00e4n, eik\u00e4 kelaa eteen. Stop-mekanismi toimii. Takaisinkelauksen nappi ei pysynyt testattaessa pohjassa. Virtanappi jumittaa, ei sammunut ekalla yrityksell\u00e4. Ei tutkittu tarkemmin.<\/p>","protected":false},"featured_media":54995,"template":"","meta":[],"_links":{"self":[{"href":"https:\/\/www.radiomarket.fi\/en\/wp-json\/wp\/v2\/product\/28320"}],"collection":[{"href":"https:\/\/www.radiomarket.fi\/en\/wp-json\/wp\/v2\/product"}],"about":[{"href":"https:\/\/www.radiomarket.fi\/en\/wp-json\/wp\/v2\/types\/product"}],"wp:featuredmedia":[{"embeddable":true,"href":"https:\/\/www.radiomarket.fi\/en\/wp-json\/wp\/v2\/media\/54995"}],"wp:attachment":[{"href":"https:\/\/www.radiomarket.fi\/en\/wp-json\/wp\/v2\/media?parent=28320"}],"curies":[{"name":"wp","href":"https:\/\/api.w.org\/{rel}","templated":true}]}}