{"id":28331,"date":"2021-09-03T20:36:18","date_gmt":"2021-09-03T17:36:18","guid":{"rendered":"https:\/\/www.radiomarket.fi\/?post_type=product&#038;p=28331"},"modified":"2022-12-20T22:10:10","modified_gmt":"2022-12-20T20:10:10","slug":"ekub0087-19-tuuman-rakki","status":"publish","type":"product","link":"https:\/\/www.radiomarket.fi\/en\/kohde\/ekub0087-19-tuuman-rakki\/","title":{"rendered":"EKUB0087 19 tuuman r\u00e4kki"},"content":{"rendered":"<p>19&#8243; rack. Laiteteline. Korkeus noin 2 metri\u00e4, ei py\u00f6ri\u00e4, ei seini\u00e4. Kuvassa etummainen teline.<\/p><p>Vain nouto.<\/p>","protected":false},"excerpt":{"rendered":"<p>19&#8243; rack. Laiteteline. Korkeus noin 2 metri\u00e4, ei py\u00f6ri\u00e4, ei seini\u00e4. Kuvassa etummainen teline.Vain nouto.<\/p>","protected":false},"featured_media":28332,"template":"","meta":[],"_links":{"self":[{"href":"https:\/\/www.radiomarket.fi\/en\/wp-json\/wp\/v2\/product\/28331"}],"collection":[{"href":"https:\/\/www.radiomarket.fi\/en\/wp-json\/wp\/v2\/product"}],"about":[{"href":"https:\/\/www.radiomarket.fi\/en\/wp-json\/wp\/v2\/types\/product"}],"wp:featuredmedia":[{"embeddable":true,"href":"https:\/\/www.radiomarket.fi\/en\/wp-json\/wp\/v2\/media\/28332"}],"wp:attachment":[{"href":"https:\/\/www.radiomarket.fi\/en\/wp-json\/wp\/v2\/media?parent=28331"}],"curies":[{"name":"wp","href":"https:\/\/api.w.org\/{rel}","templated":true}]}}