{"id":28407,"date":"2021-09-14T14:11:10","date_gmt":"2021-09-14T11:11:10","guid":{"rendered":"https:\/\/www.radiomarket.fi\/?post_type=product&#038;p=28407"},"modified":"2022-01-19T15:52:23","modified_gmt":"2022-01-19T13:52:23","slug":"ekus0058-philips-rr-522-radiorecorder","status":"publish","type":"product","link":"https:\/\/www.radiomarket.fi\/en\/kohde\/ekus0058-philips-rr-522-radiorecorder\/","title":{"rendered":"EKUS0058 Philips RR 522 radiorecorder"},"content":{"rendered":"<p>P\u00e4\u00e4llep\u00e4in kokonainen, virtajohto luukun takana. Varsin siisti.<\/p>","protected":false},"excerpt":{"rendered":"<p>P\u00e4\u00e4llep\u00e4in kokonainen, virtajohto luukun takana. Varsin siisti.<\/p>","protected":false},"featured_media":28408,"template":"","meta":[],"_links":{"self":[{"href":"https:\/\/www.radiomarket.fi\/en\/wp-json\/wp\/v2\/product\/28407"}],"collection":[{"href":"https:\/\/www.radiomarket.fi\/en\/wp-json\/wp\/v2\/product"}],"about":[{"href":"https:\/\/www.radiomarket.fi\/en\/wp-json\/wp\/v2\/types\/product"}],"wp:featuredmedia":[{"embeddable":true,"href":"https:\/\/www.radiomarket.fi\/en\/wp-json\/wp\/v2\/media\/28408"}],"wp:attachment":[{"href":"https:\/\/www.radiomarket.fi\/en\/wp-json\/wp\/v2\/media?parent=28407"}],"curies":[{"name":"wp","href":"https:\/\/api.w.org\/{rel}","templated":true}]}}