{"id":28410,"date":"2021-09-14T14:14:46","date_gmt":"2021-09-14T11:14:46","guid":{"rendered":"https:\/\/www.radiomarket.fi\/?post_type=product&#038;p=28410"},"modified":"2021-10-22T08:23:13","modified_gmt":"2021-10-22T05:23:13","slug":"ekus0059-mark-prelude-modell-51772","status":"publish","type":"product","link":"https:\/\/www.radiomarket.fi\/en\/kohde\/ekus0059-mark-prelude-modell-51772\/","title":{"rendered":"EKUS0059 Mark Prelude Modell 51772"},"content":{"rendered":"<p>P\u00e4\u00e4llep\u00e4in kokonainen. Varsin siisti. Takaa keskelt\u00e4 puuttuu jotain, liima j\u00e4ljell\u00e4.<\/p>","protected":false},"excerpt":{"rendered":"<p>P\u00e4\u00e4llep\u00e4in kokonainen. Varsin siisti. Takaa keskelt\u00e4 puuttuu jotain, liima j\u00e4ljell\u00e4.<\/p>","protected":false},"featured_media":28411,"template":"","meta":[],"_links":{"self":[{"href":"https:\/\/www.radiomarket.fi\/en\/wp-json\/wp\/v2\/product\/28410"}],"collection":[{"href":"https:\/\/www.radiomarket.fi\/en\/wp-json\/wp\/v2\/product"}],"about":[{"href":"https:\/\/www.radiomarket.fi\/en\/wp-json\/wp\/v2\/types\/product"}],"wp:featuredmedia":[{"embeddable":true,"href":"https:\/\/www.radiomarket.fi\/en\/wp-json\/wp\/v2\/media\/28411"}],"wp:attachment":[{"href":"https:\/\/www.radiomarket.fi\/en\/wp-json\/wp\/v2\/media?parent=28410"}],"curies":[{"name":"wp","href":"https:\/\/api.w.org\/{rel}","templated":true}]}}