{"id":28413,"date":"2021-09-14T14:38:40","date_gmt":"2021-09-14T11:38:40","guid":{"rendered":"https:\/\/www.radiomarket.fi\/?post_type=product&#038;p=28413"},"modified":"2021-09-14T14:52:18","modified_gmt":"2021-09-14T11:52:18","slug":"ekus0061-national-panasonic-rq-544asd","status":"publish","type":"product","link":"https:\/\/www.radiomarket.fi\/en\/kohde\/ekus0061-national-panasonic-rq-544asd\/","title":{"rendered":"EKUS0061 National Panasonic RQ-544ASD"},"content":{"rendered":"<p>P\u00e4\u00e4llep\u00e4in kokonainen. Edess\u00e4 naarmuja. Lanka kulkee.<\/p>","protected":false},"excerpt":{"rendered":"<p>P\u00e4\u00e4llep\u00e4in kokonainen. Edess\u00e4 naarmuja. Lanka kulkee.<\/p>","protected":false},"featured_media":28414,"template":"","meta":[],"_links":{"self":[{"href":"https:\/\/www.radiomarket.fi\/en\/wp-json\/wp\/v2\/product\/28413"}],"collection":[{"href":"https:\/\/www.radiomarket.fi\/en\/wp-json\/wp\/v2\/product"}],"about":[{"href":"https:\/\/www.radiomarket.fi\/en\/wp-json\/wp\/v2\/types\/product"}],"wp:featuredmedia":[{"embeddable":true,"href":"https:\/\/www.radiomarket.fi\/en\/wp-json\/wp\/v2\/media\/28414"}],"wp:attachment":[{"href":"https:\/\/www.radiomarket.fi\/en\/wp-json\/wp\/v2\/media?parent=28413"}],"curies":[{"name":"wp","href":"https:\/\/api.w.org\/{rel}","templated":true}]}}