{"id":28434,"date":"2021-09-14T16:26:46","date_gmt":"2021-09-14T13:26:46","guid":{"rendered":"https:\/\/www.radiomarket.fi\/?post_type=product&#038;p=28434"},"modified":"2022-11-03T17:47:38","modified_gmt":"2022-11-03T15:47:38","slug":"ekus0105-luxor-type-110-9415-radionauhuri","status":"publish","type":"product","link":"https:\/\/www.radiomarket.fi\/en\/kohde\/ekus0105-luxor-type-110-9415-radionauhuri\/","title":{"rendered":"EKUS0105 Luxor TYPE 110 9415 radionauhuri"},"content":{"rendered":"<p>Radio toimii, nauhuri ei. P\u00e4\u00e4llisin puolin hyv\u00e4kuntoinen.<\/p>","protected":false},"excerpt":{"rendered":"<p>Radio toimii, nauhuri ei. P\u00e4\u00e4llisin puolin hyv\u00e4kuntoinen.<\/p>","protected":false},"featured_media":28444,"template":"","meta":[],"_links":{"self":[{"href":"https:\/\/www.radiomarket.fi\/en\/wp-json\/wp\/v2\/product\/28434"}],"collection":[{"href":"https:\/\/www.radiomarket.fi\/en\/wp-json\/wp\/v2\/product"}],"about":[{"href":"https:\/\/www.radiomarket.fi\/en\/wp-json\/wp\/v2\/types\/product"}],"wp:featuredmedia":[{"embeddable":true,"href":"https:\/\/www.radiomarket.fi\/en\/wp-json\/wp\/v2\/media\/28444"}],"wp:attachment":[{"href":"https:\/\/www.radiomarket.fi\/en\/wp-json\/wp\/v2\/media?parent=28434"}],"curies":[{"name":"wp","href":"https:\/\/api.w.org\/{rel}","templated":true}]}}