{"id":28437,"date":"2021-09-14T16:39:16","date_gmt":"2021-09-14T13:39:16","guid":{"rendered":"https:\/\/www.radiomarket.fi\/?post_type=product&#038;p=28437"},"modified":"2023-08-27T19:39:14","modified_gmt":"2023-08-27T16:39:14","slug":"ekun0018-yhdistelmalaite-panasonic","status":"publish","type":"product","link":"https:\/\/www.radiomarket.fi\/en\/kohde\/ekun0018-yhdistelmalaite-panasonic\/","title":{"rendered":"EKUN0018 Yhdistelm\u00e4laite Panasonic SG-2110"},"content":{"rendered":"<p>Kannesta puuttuu pala, pala voi l\u00f6yty\u00e4. Edest\u00e4 puuttuu ainakin yksi nuppi.<\/p>","protected":false},"excerpt":{"rendered":"<p>Kannesta puuttuu pala, pala voi l\u00f6yty\u00e4. Edest\u00e4 puuttuu ainakin yksi nuppi.<\/p>","protected":false},"featured_media":28440,"template":"","meta":[],"_links":{"self":[{"href":"https:\/\/www.radiomarket.fi\/en\/wp-json\/wp\/v2\/product\/28437"}],"collection":[{"href":"https:\/\/www.radiomarket.fi\/en\/wp-json\/wp\/v2\/product"}],"about":[{"href":"https:\/\/www.radiomarket.fi\/en\/wp-json\/wp\/v2\/types\/product"}],"wp:featuredmedia":[{"embeddable":true,"href":"https:\/\/www.radiomarket.fi\/en\/wp-json\/wp\/v2\/media\/28440"}],"wp:attachment":[{"href":"https:\/\/www.radiomarket.fi\/en\/wp-json\/wp\/v2\/media?parent=28437"}],"curies":[{"name":"wp","href":"https:\/\/api.w.org\/{rel}","templated":true}]}}