{"id":28468,"date":"2021-09-16T10:22:50","date_gmt":"2021-09-16T07:22:50","guid":{"rendered":"https:\/\/www.radiomarket.fi\/?post_type=product&#038;p=28468"},"modified":"2023-03-13T19:26:10","modified_gmt":"2023-03-13T17:26:10","slug":"ekum0073-sansui","status":"publish","type":"product","link":"https:\/\/www.radiomarket.fi\/en\/kohde\/ekum0073-sansui\/","title":{"rendered":"EKUM0073 Sansui RG-707 Stereo Graphic Equalizer Consolette"},"content":{"rendered":"<p>Virtakytkint\u00e4 painettaessa n\u00e4yt\u00f6ss\u00e4 ainakin vilahtaa v\u00e4rikuvio, ei testattu sen enemp\u00e4\u00e4.<br \/><br \/>Stereo Graphic Equalizer Consolette <br \/><br \/>Line Echo Mic Echo<\/p>","protected":false},"excerpt":{"rendered":"<p>Virtakytkint\u00e4 painettaessa n\u00e4yt\u00f6ss\u00e4 ainakin vilahtaa v\u00e4rikuvio, ei testattu sen enemp\u00e4\u00e4.Stereo Graphic Equalizer Consolette Line Echo Mic Echo<\/p>","protected":false},"featured_media":28471,"template":"","meta":[],"_links":{"self":[{"href":"https:\/\/www.radiomarket.fi\/en\/wp-json\/wp\/v2\/product\/28468"}],"collection":[{"href":"https:\/\/www.radiomarket.fi\/en\/wp-json\/wp\/v2\/product"}],"about":[{"href":"https:\/\/www.radiomarket.fi\/en\/wp-json\/wp\/v2\/types\/product"}],"wp:featuredmedia":[{"embeddable":true,"href":"https:\/\/www.radiomarket.fi\/en\/wp-json\/wp\/v2\/media\/28471"}],"wp:attachment":[{"href":"https:\/\/www.radiomarket.fi\/en\/wp-json\/wp\/v2\/media?parent=28468"}],"curies":[{"name":"wp","href":"https:\/\/api.w.org\/{rel}","templated":true}]}}