{"id":28504,"date":"2021-09-20T11:43:04","date_gmt":"2021-09-20T08:43:04","guid":{"rendered":"https:\/\/www.radiomarket.fi\/?post_type=product&#038;p=28504"},"modified":"2022-08-03T13:07:20","modified_gmt":"2022-08-03T10:07:20","slug":"ekua1355-asa-1060-ekum","status":"publish","type":"product","link":"https:\/\/www.radiomarket.fi\/en\/kohde\/ekua1355-asa-1060-ekum\/","title":{"rendered":"EKUA1355 Asa 1060 (EKUM)"},"content":{"rendered":"<p>Hinta kokonaisuuden loppujen osien arvioitu yhteishinta.<br \/><br \/>Nuppien sopivuus luultavasti ristiin esim. mallin ASA 751 (suora kovera) ja ASA1135 (nouseva reuna ja keski\u00f6 kovera) kanssa. Ainakin nuppi itsess\u00e4\u00e4n on samanlainen, mutta kullanv\u00e4risess\u00e4 koristeosassa on ollut eroja eri Asan malleissa (suora kovera\/nouseva reuna ja keski\u00f6 kovera).<br \/><br \/><strong>Verkkomuuntajan vastaavuus<\/strong> (s\u00e4hk\u00f6isesti pit\u00e4isi sopia, mekaanisesti v\u00e4ltt\u00e4m\u00e4tt\u00e4 ei): Helvar Stereo Fanfar \/ Celeston Stereo Triumph \/ Helvar Jubil\u00e9 De Luxe \/ Celeston Royal De Luxe \/ Helvar Melodia \/ Celeston Capella \/ Helvar Stereo Jupiter \/ Celeston Stereo Concerto \/ ASA 1060 \/ Salora Metropol 58. Ja periaatteessa kaikki muutkin vuorovaihep\u00e4\u00e4teasteella (kahdella EL84 -putkella) toteutetut radiot.<strong><br \/><br \/>Purettu seuraavat osat:<\/strong><br \/><br \/>Ei putkia. <br \/>Seleeni puuttuu. <br \/>Bassos\u00e4\u00e4timen 10Mohm log potentiometri puuttuu, samoin sen nuppi. <br \/>Pohjalevy puuttuu.<br \/>Asteikkolasi poikki. <br \/>Logo puuttuu. <br \/>Kannen lakka hiottu. <br \/>Lista repsottaa.<br \/>Muut nupit on, mutta pienempien nuppien keski\u00f6t puuttuvat.<\/p>","protected":false},"excerpt":{"rendered":"<p>Hinta kokonaisuuden loppujen osien arvioitu yhteishinta.Nuppien sopivuus luultavasti ristiin esim. mallin ASA 751 (suora kovera) ja ASA1135 (nouseva reuna ja keski\u00f6 kovera) kanssa. Ainakin nuppi itsess\u00e4\u00e4n on samanlainen, mutta kullanv\u00e4risess\u00e4 koristeosassa on ollut eroja eri Asan malleissa (suora kovera\/nouseva reuna ja keski\u00f6 kovera).Verkkomuuntajan vastaavuus (s\u00e4hk\u00f6isesti pit\u00e4isi sopia, mekaanisesti v\u00e4ltt\u00e4m\u00e4tt\u00e4 ei): Helvar Stereo Fanfar \/ Celeston &hellip;<\/p>\n<p class=\"read-more\"> <a class=\"thunk-readmore button\" href=\"https:\/\/www.radiomarket.fi\/en\/kohde\/ekua1355-asa-1060-ekum\/\"> <span class=\"screen-reader-text\">EKUA1355 Asa 1060 (EKUM)<\/span>Read More<\/a><\/p>","protected":false},"featured_media":28506,"template":"","meta":[],"_links":{"self":[{"href":"https:\/\/www.radiomarket.fi\/en\/wp-json\/wp\/v2\/product\/28504"}],"collection":[{"href":"https:\/\/www.radiomarket.fi\/en\/wp-json\/wp\/v2\/product"}],"about":[{"href":"https:\/\/www.radiomarket.fi\/en\/wp-json\/wp\/v2\/types\/product"}],"wp:featuredmedia":[{"embeddable":true,"href":"https:\/\/www.radiomarket.fi\/en\/wp-json\/wp\/v2\/media\/28506"}],"wp:attachment":[{"href":"https:\/\/www.radiomarket.fi\/en\/wp-json\/wp\/v2\/media?parent=28504"}],"curies":[{"name":"wp","href":"https:\/\/api.w.org\/{rel}","templated":true}]}}