{"id":28528,"date":"2021-09-20T14:48:12","date_gmt":"2021-09-20T11:48:12","guid":{"rendered":"https:\/\/www.radiomarket.fi\/?post_type=product&#038;p=28528"},"modified":"2023-02-09T15:15:36","modified_gmt":"2023-02-09T13:15:36","slug":"ekua1332-philips-kotelo-ja-kaiuttimet-ekum","status":"publish","type":"product","link":"https:\/\/www.radiomarket.fi\/en\/kohde\/ekua1332-philips-kotelo-ja-kaiuttimet-ekum\/","title":{"rendered":"EKUA1332 Philips H5SF86A(?) osia (kotelo, listoja ja kaiutin) (EKUM)"},"content":{"rendered":"<p>J\u00e4ljell\u00e4 kotelo listoineen ja kaiutinelementti AD3800A.<br \/>Lis\u00e4ksi toisesta purkukoneesta etukehikko listoineen 187 x 576 mm. Yl\u00e4listassa painumia, muut listat kohtuulliset.<\/p><p>Elementti AD3460AM myyty varaosaksi.<\/p>","protected":false},"excerpt":{"rendered":"<p>J\u00e4ljell\u00e4 kotelo listoineen ja kaiutinelementti AD3800A.Lis\u00e4ksi toisesta purkukoneesta etukehikko listoineen 187 x 576 mm. Yl\u00e4listassa painumia, muut listat kohtuulliset.Elementti AD3460AM myyty varaosaksi.<\/p>","protected":false},"featured_media":28530,"template":"","meta":[],"_links":{"self":[{"href":"https:\/\/www.radiomarket.fi\/en\/wp-json\/wp\/v2\/product\/28528"}],"collection":[{"href":"https:\/\/www.radiomarket.fi\/en\/wp-json\/wp\/v2\/product"}],"about":[{"href":"https:\/\/www.radiomarket.fi\/en\/wp-json\/wp\/v2\/types\/product"}],"wp:featuredmedia":[{"embeddable":true,"href":"https:\/\/www.radiomarket.fi\/en\/wp-json\/wp\/v2\/media\/28530"}],"wp:attachment":[{"href":"https:\/\/www.radiomarket.fi\/en\/wp-json\/wp\/v2\/media?parent=28528"}],"curies":[{"name":"wp","href":"https:\/\/api.w.org\/{rel}","templated":true}]}}