{"id":28534,"date":"2021-09-20T15:51:00","date_gmt":"2021-09-20T12:51:00","guid":{"rendered":"https:\/\/www.radiomarket.fi\/?post_type=product&#038;p=28534"},"modified":"2022-01-09T21:30:40","modified_gmt":"2022-01-09T19:30:40","slug":"ekum0079-salora-minorita-2","status":"publish","type":"product","link":"https:\/\/www.radiomarket.fi\/en\/kohde\/ekum0079-salora-minorita-2\/","title":{"rendered":"EKUM0079 Salora Minorita 2"},"content":{"rendered":"<p>Asteikosta yksi pieni ruuvi nelj\u00e4st\u00e4 puuttuu. Pohjalevyn ruuvit eiv\u00e4t vaikuta alkuper\u00e4isilt\u00e4. Paristokotelossa ruostej\u00e4\u00e4mi\u00e4, ollut ilmeisesti vuotoa. Maaliroiskeita erityisesti toisessa p\u00e4\u00e4dyss\u00e4, j\u00e4lke\u00e4 my\u00f6s kahvassa. Vaikuttaa muutoin kokonaiselta. Ei testattu, mutta tuskin toimiva.<\/p>","protected":false},"excerpt":{"rendered":"<p>Asteikosta yksi pieni ruuvi nelj\u00e4st\u00e4 puuttuu. Pohjalevyn ruuvit eiv\u00e4t vaikuta alkuper\u00e4isilt\u00e4. Paristokotelossa ruostej\u00e4\u00e4mi\u00e4, ollut ilmeisesti vuotoa. Maaliroiskeita erityisesti toisessa p\u00e4\u00e4dyss\u00e4, j\u00e4lke\u00e4 my\u00f6s kahvassa. Vaikuttaa muutoin kokonaiselta. Ei testattu, mutta tuskin toimiva.<\/p>","protected":false},"featured_media":28535,"template":"","meta":[],"_links":{"self":[{"href":"https:\/\/www.radiomarket.fi\/en\/wp-json\/wp\/v2\/product\/28534"}],"collection":[{"href":"https:\/\/www.radiomarket.fi\/en\/wp-json\/wp\/v2\/product"}],"about":[{"href":"https:\/\/www.radiomarket.fi\/en\/wp-json\/wp\/v2\/types\/product"}],"wp:featuredmedia":[{"embeddable":true,"href":"https:\/\/www.radiomarket.fi\/en\/wp-json\/wp\/v2\/media\/28535"}],"wp:attachment":[{"href":"https:\/\/www.radiomarket.fi\/en\/wp-json\/wp\/v2\/media?parent=28534"}],"curies":[{"name":"wp","href":"https:\/\/api.w.org\/{rel}","templated":true}]}}