{"id":28570,"date":"2024-04-15T21:16:13","date_gmt":"2024-04-15T18:16:13","guid":{"rendered":"https:\/\/www.radiomarket.fi\/?post_type=product&#038;p=28570"},"modified":"2024-04-17T13:42:51","modified_gmt":"2024-04-17T10:42:51","slug":"ekua1338-asa-721-ekum","status":"publish","type":"product","link":"https:\/\/www.radiomarket.fi\/en\/kohde\/ekua1338-asa-721-ekum\/","title":{"rendered":"EKUA1338 Asa 721 puretaan (EKUM)"},"content":{"rendered":"<p><strong>Seuraavat osat puuttuvat \/ purettu:<\/strong><br \/><br \/>Ei putkia. Toinen (oikeanpuoleinen) nuppi puuttuu. Toinen, vasemmanpuolinen nuppi ASA B-169 purettu kuvien oton j\u00e4lkeen varaosaksi. Painonappeja ymp\u00e4r\u00f6iv\u00e4 lista puuttuu. Virtajohto huono.<br \/><br \/>Ei tutkittu tarkemmin, muitakin osia saattaa olla purettu. Varmistathan tietojen oikeellisuuden myyj\u00e4lt\u00e4.<\/p>","protected":false},"excerpt":{"rendered":"<p>Suosittelemme putkiradioille s\u00e4rkyv\u00e4-lis\u00e4palvelua (ostettavissa erillisen\u00e4 tuotteena).<\/p>","protected":false},"featured_media":28571,"template":"","meta":[],"_links":{"self":[{"href":"https:\/\/www.radiomarket.fi\/en\/wp-json\/wp\/v2\/product\/28570"}],"collection":[{"href":"https:\/\/www.radiomarket.fi\/en\/wp-json\/wp\/v2\/product"}],"about":[{"href":"https:\/\/www.radiomarket.fi\/en\/wp-json\/wp\/v2\/types\/product"}],"wp:featuredmedia":[{"embeddable":true,"href":"https:\/\/www.radiomarket.fi\/en\/wp-json\/wp\/v2\/media\/28571"}],"wp:attachment":[{"href":"https:\/\/www.radiomarket.fi\/en\/wp-json\/wp\/v2\/media?parent=28570"}],"curies":[{"name":"wp","href":"https:\/\/api.w.org\/{rel}","templated":true}]}}