{"id":28574,"date":"2021-09-20T21:18:58","date_gmt":"2021-09-20T18:18:58","guid":{"rendered":"https:\/\/www.radiomarket.fi\/?post_type=product&#038;p=28574"},"modified":"2024-02-29T12:08:31","modified_gmt":"2024-02-29T10:08:31","slug":"ekua1340-philips-b5sf02a-ekum","status":"publish","type":"product","link":"https:\/\/www.radiomarket.fi\/en\/kohde\/ekua1340-philips-b5sf02a-ekum\/","title":{"rendered":"EKUA1340 Philips B5SF02A osina (EKUM)"},"content":{"rendered":"<p>P\u00e4\u00e4tykaiutinritil\u00e4t l\u00e4hinn\u00e4 vihert\u00e4v\u00e4nharmahtavat varaston valossa (eiv\u00e4t tumman eiv\u00e4tk\u00e4 vaalean ruskeat), kuvassa alempi. Molemmat j\u00e4ljell\u00e4.<strong><br \/><br \/>Seuraavat osat puuttuvat \/ purettu:<\/strong><br \/><br \/>Ei putkia. <br \/>Pikkunuppien p\u00f6lykapselit puuttuvat.<br \/>Toinen keskikokoinen nuppi puuttuu. J\u00e4ljell\u00e4 p\u00f6lykapseliton nuppi.<br \/>Ei painonappeja, t\u00e4h\u00e4n malliin sopivia painonappeja tuotenumerolla EKUA1092.<\/p><p>Ei verkkomuuntajaa.<br \/><br \/>Ei tutkittu tarkemmin, muitakin osia saattaa olla purettu. Varmistathan tietojen oikeellisuuden myyj\u00e4lt\u00e4.<\/p>","protected":false},"excerpt":{"rendered":"<p>P\u00e4\u00e4tykaiutinritil\u00e4t l\u00e4hinn\u00e4 vihert\u00e4v\u00e4nharmahtavat varaston valossa (eiv\u00e4t tumman eiv\u00e4tk\u00e4 vaalean ruskeat), kuvassa alempi. Molemmat j\u00e4ljell\u00e4.Seuraavat osat puuttuvat \/ purettu:Ei putkia. Pikkunuppien p\u00f6lykapselit puuttuvat.Toinen keskikokoinen nuppi puuttuu. J\u00e4ljell\u00e4 p\u00f6lykapseliton nuppi.Ei painonappeja, t\u00e4h\u00e4n malliin sopivia painonappeja tuotenumerolla EKUA1092.Ei verkkomuuntajaa.Ei tutkittu tarkemmin, muitakin osia saattaa olla purettu. Varmistathan tietojen oikeellisuuden myyj\u00e4lt\u00e4.<\/p>","protected":false},"featured_media":28579,"template":"","meta":[],"_links":{"self":[{"href":"https:\/\/www.radiomarket.fi\/en\/wp-json\/wp\/v2\/product\/28574"}],"collection":[{"href":"https:\/\/www.radiomarket.fi\/en\/wp-json\/wp\/v2\/product"}],"about":[{"href":"https:\/\/www.radiomarket.fi\/en\/wp-json\/wp\/v2\/types\/product"}],"wp:featuredmedia":[{"embeddable":true,"href":"https:\/\/www.radiomarket.fi\/en\/wp-json\/wp\/v2\/media\/28579"}],"wp:attachment":[{"href":"https:\/\/www.radiomarket.fi\/en\/wp-json\/wp\/v2\/media?parent=28574"}],"curies":[{"name":"wp","href":"https:\/\/api.w.org\/{rel}","templated":true}]}}