{"id":28595,"date":"2021-09-20T22:40:11","date_gmt":"2021-09-20T19:40:11","guid":{"rendered":"https:\/\/www.radiomarket.fi\/?post_type=product&#038;p=28595"},"modified":"2023-09-07T16:03:24","modified_gmt":"2023-09-07T13:03:24","slug":"ekua1344-helvar-melodia-ekum","status":"publish","type":"product","link":"https:\/\/www.radiomarket.fi\/en\/kohde\/ekua1344-helvar-melodia-ekum\/","title":{"rendered":"EKUA1344 Helvar Melodia (EKUM)"},"content":{"rendered":"<p>Vastaava radio kuin Celeston Capella.<\/p><p><strong>Verkkomuuntajan vastaavuus<\/strong> (s\u00e4hk\u00f6isesti pit\u00e4isi sopia, mekaanisesti v\u00e4ltt\u00e4m\u00e4tt\u00e4 ei): Helvar Stereo Fanfar \/ Celeston Stereo Triumph \/ Helvar Jubil\u00e9 De Luxe \/ Celeston Royal De Luxe \/ Helvar Melodia \/ Celeston Capella \/ Helvar Stereo Jupiter \/ Celeston Stereo Concerto \/ ASA 1060 \/ Salora Metropol 58. Ja periaatteessa kaikki muutkin vuorovaihep\u00e4\u00e4teasteella (kahdella EL84 -putkella) toteutetut radiot.<br \/><strong><br \/>Seuraavat osat puuttuvat \/ purettu:<\/strong><br \/><br \/>Ei putkia. Ei pohjalevy\u00e4.<br \/>Takalevy myyty varaosaksi.<br \/><br \/>Ei tutkittu tarkemmin, muitakin osia saattaa olla purettu. Varmistathan tietojen oikeellisuuden myyj\u00e4lt\u00e4.<\/p>","protected":false},"excerpt":{"rendered":"<p>Vastaava radio kuin Celeston Capella.Verkkomuuntajan vastaavuus (s\u00e4hk\u00f6isesti pit\u00e4isi sopia, mekaanisesti v\u00e4ltt\u00e4m\u00e4tt\u00e4 ei): Helvar Stereo Fanfar \/ Celeston Stereo Triumph \/ Helvar Jubil\u00e9 De Luxe \/ Celeston Royal De Luxe \/ Helvar Melodia \/ Celeston Capella \/ Helvar Stereo Jupiter \/ Celeston Stereo Concerto \/ ASA 1060 \/ Salora Metropol 58. Ja periaatteessa kaikki muutkin vuorovaihep\u00e4\u00e4teasteella &hellip;<\/p>\n<p class=\"read-more\"> <a class=\"thunk-readmore button\" href=\"https:\/\/www.radiomarket.fi\/en\/kohde\/ekua1344-helvar-melodia-ekum\/\"> <span class=\"screen-reader-text\">EKUA1344 Helvar Melodia (EKUM)<\/span>Read More<\/a><\/p>","protected":false},"featured_media":28596,"template":"","meta":[],"_links":{"self":[{"href":"https:\/\/www.radiomarket.fi\/en\/wp-json\/wp\/v2\/product\/28595"}],"collection":[{"href":"https:\/\/www.radiomarket.fi\/en\/wp-json\/wp\/v2\/product"}],"about":[{"href":"https:\/\/www.radiomarket.fi\/en\/wp-json\/wp\/v2\/types\/product"}],"wp:featuredmedia":[{"embeddable":true,"href":"https:\/\/www.radiomarket.fi\/en\/wp-json\/wp\/v2\/media\/28596"}],"wp:attachment":[{"href":"https:\/\/www.radiomarket.fi\/en\/wp-json\/wp\/v2\/media?parent=28595"}],"curies":[{"name":"wp","href":"https:\/\/api.w.org\/{rel}","templated":true}]}}