{"id":28599,"date":"2021-09-20T22:42:17","date_gmt":"2021-09-20T19:42:17","guid":{"rendered":"https:\/\/www.radiomarket.fi\/?post_type=product&#038;p=28599"},"modified":"2024-07-25T23:53:18","modified_gmt":"2024-07-25T20:53:18","slug":"ekua1345-aga-ekum","status":"publish","type":"product","link":"https:\/\/www.radiomarket.fi\/en\/kohde\/ekua1345-aga-ekum\/","title":{"rendered":"EKUA1345 Aga 2533 (EKUM)"},"content":{"rendered":"<p><strong>Seuraavat osat puuttuvat \/ purettu:<\/strong><br \/><br \/>Ei putkia. Ei takalevy\u00e4. Takalevyksi todenn\u00e4k\u00f6isesti sopii EKUM1037.<br \/><br \/>Ei tutkittu tarkemmin, muitakin osia saattaa olla purettu. Varmistathan tietojen oikeellisuuden myyj\u00e4lt\u00e4.<\/p>","protected":false},"excerpt":{"rendered":"<p>Seuraavat osat puuttuvat \/ purettu:Ei putkia. Ei takalevy\u00e4. Takalevyksi todenn\u00e4k\u00f6isesti sopii EKUM1037.Ei tutkittu tarkemmin, muitakin osia saattaa olla purettu. Varmistathan tietojen oikeellisuuden myyj\u00e4lt\u00e4.<\/p>","protected":false},"featured_media":28600,"template":"","meta":[],"_links":{"self":[{"href":"https:\/\/www.radiomarket.fi\/en\/wp-json\/wp\/v2\/product\/28599"}],"collection":[{"href":"https:\/\/www.radiomarket.fi\/en\/wp-json\/wp\/v2\/product"}],"about":[{"href":"https:\/\/www.radiomarket.fi\/en\/wp-json\/wp\/v2\/types\/product"}],"wp:featuredmedia":[{"embeddable":true,"href":"https:\/\/www.radiomarket.fi\/en\/wp-json\/wp\/v2\/media\/28600"}],"wp:attachment":[{"href":"https:\/\/www.radiomarket.fi\/en\/wp-json\/wp\/v2\/media?parent=28599"}],"curies":[{"name":"wp","href":"https:\/\/api.w.org\/{rel}","templated":true}]}}