{"id":28618,"date":"2021-09-20T22:57:16","date_gmt":"2021-09-20T19:57:16","guid":{"rendered":"https:\/\/www.radiomarket.fi\/?post_type=product&#038;p=28618"},"modified":"2022-05-05T11:18:28","modified_gmt":"2022-05-05T08:18:28","slug":"ekua1351-aga-laji-3031-ekum","status":"publish","type":"product","link":"https:\/\/www.radiomarket.fi\/en\/kohde\/ekua1351-aga-laji-3031-ekum\/","title":{"rendered":"EKUA1351 Aga Laji 3031 entis\u00f6it\u00e4v\u00e4ksi (EKUM)"},"content":{"rendered":"<p>Myyd\u00e4\u00e4n mieluiten kokonaisena. Voidaan tapauskohtaisesti harkita my\u00f6s myyt\u00e4v\u00e4ksi varaosina. Koneessa on mukana putkia takalevyn l\u00e4pi katsottuna ainakin 4 kpl. Verkkojohto mukana takalevyn sis\u00e4puolella.<br \/><br \/>Pikkunupeissa merkinn\u00e4t 4. 7745 DEKALIT ja 7745 DEKALIT 1. Kolmannessa vastaavassa 7745 DEKALIT 2. Nupit ja painonapit vaikuttavat samalta kuin mallissa AGA Minette 2925.<strong><br \/><br \/>Seuraavat osat puuttuvat \/ purettu \/ eiv\u00e4t alkuper\u00e4isi\u00e4:<\/strong><br \/><br \/>Takakansi (osittainen) Helkamasta.<br \/>Ei pohjalevy\u00e4.<br \/>Kotelon yl\u00e4reunassa j\u00e4lke\u00e4.<br \/>N\u00e4k\u00f6viritysputken kehyksess\u00e4 maali kulunut.<br \/>Asteikkolevyn alareunassa halkeamia.<br \/>Toisessa pikkunupissa halkeamia ruuvin ymp\u00e4rill\u00e4 n\u00e4kyv\u00e4ss\u00e4 osassa. Toisesta pikkunupista puuttuu p\u00f6lykapseli.<br \/><br \/>Ei tutkittu tarkemmin, muitakin osia saattaa olla purettu. Varmistathan tietojen oikeellisuuden myyj\u00e4lt\u00e4.<\/p>","protected":false},"excerpt":{"rendered":"<p>Myyd\u00e4\u00e4n mieluiten kokonaisena. Voidaan tapauskohtaisesti harkita my\u00f6s myyt\u00e4v\u00e4ksi varaosina. Koneessa on mukana putkia takalevyn l\u00e4pi katsottuna ainakin 4 kpl. Verkkojohto mukana takalevyn sis\u00e4puolella.Pikkunupeissa merkinn\u00e4t 4. 7745 DEKALIT ja 7745 DEKALIT 1. Kolmannessa vastaavassa 7745 DEKALIT 2. Nupit ja painonapit vaikuttavat samalta kuin mallissa AGA Minette 2925.Seuraavat osat puuttuvat \/ purettu \/ eiv\u00e4t alkuper\u00e4isi\u00e4:Takakansi (osittainen) Helkamasta.Ei &hellip;<\/p>\n<p class=\"read-more\"> <a class=\"thunk-readmore button\" href=\"https:\/\/www.radiomarket.fi\/en\/kohde\/ekua1351-aga-laji-3031-ekum\/\"> <span class=\"screen-reader-text\">EKUA1351 Aga Laji 3031 entis\u00f6it\u00e4v\u00e4ksi (EKUM)<\/span>Read More<\/a><\/p>","protected":false},"featured_media":28619,"template":"","meta":[],"_links":{"self":[{"href":"https:\/\/www.radiomarket.fi\/en\/wp-json\/wp\/v2\/product\/28618"}],"collection":[{"href":"https:\/\/www.radiomarket.fi\/en\/wp-json\/wp\/v2\/product"}],"about":[{"href":"https:\/\/www.radiomarket.fi\/en\/wp-json\/wp\/v2\/types\/product"}],"wp:featuredmedia":[{"embeddable":true,"href":"https:\/\/www.radiomarket.fi\/en\/wp-json\/wp\/v2\/media\/28619"}],"wp:attachment":[{"href":"https:\/\/www.radiomarket.fi\/en\/wp-json\/wp\/v2\/media?parent=28618"}],"curies":[{"name":"wp","href":"https:\/\/api.w.org\/{rel}","templated":true}]}}