{"id":28626,"date":"2021-09-20T23:02:04","date_gmt":"2021-09-20T20:02:04","guid":{"rendered":"https:\/\/www.radiomarket.fi\/?post_type=product&#038;p=28626"},"modified":"2024-01-20T11:46:10","modified_gmt":"2024-01-20T09:46:10","slug":"ekua1353-harmon-175w-ula-ekum","status":"publish","type":"product","link":"https:\/\/www.radiomarket.fi\/en\/kohde\/ekua1353-harmon-175w-ula-ekum\/","title":{"rendered":"EKUA1353 Harmon 175W-ula (EKUM)"},"content":{"rendered":"<p>T\u00e4ydellinen koneisto. Poistettu myyt\u00e4vist\u00e4, koska museoitu 20240120.<strong><br \/><br \/>Seuraavat osat puuttuvat \/ purettu:<\/strong><br \/><br \/>Ei putkia.<br \/><br \/>Ei tutkittu tarkemmin, muitakin osia saattaa olla purettu. Varmistathan tietojen oikeellisuuden myyj\u00e4lt\u00e4.<\/p>","protected":false},"excerpt":{"rendered":"<p>T\u00e4ydellinen koneisto. Poistettu myyt\u00e4vist\u00e4, koska museoitu 20240120.Seuraavat osat puuttuvat \/ purettu:Ei putkia.Ei tutkittu tarkemmin, muitakin osia saattaa olla purettu. Varmistathan tietojen oikeellisuuden myyj\u00e4lt\u00e4.<\/p>","protected":false},"featured_media":28627,"template":"","meta":[],"_links":{"self":[{"href":"https:\/\/www.radiomarket.fi\/en\/wp-json\/wp\/v2\/product\/28626"}],"collection":[{"href":"https:\/\/www.radiomarket.fi\/en\/wp-json\/wp\/v2\/product"}],"about":[{"href":"https:\/\/www.radiomarket.fi\/en\/wp-json\/wp\/v2\/types\/product"}],"wp:featuredmedia":[{"embeddable":true,"href":"https:\/\/www.radiomarket.fi\/en\/wp-json\/wp\/v2\/media\/28627"}],"wp:attachment":[{"href":"https:\/\/www.radiomarket.fi\/en\/wp-json\/wp\/v2\/media?parent=28626"}],"curies":[{"name":"wp","href":"https:\/\/api.w.org\/{rel}","templated":true}]}}